{"id":46,"date":"2020-03-29T13:52:44","date_gmt":"2020-03-29T13:52:44","guid":{"rendered":"https:\/\/albgroup.al\/?page_id=46"},"modified":"2021-09-24T12:08:34","modified_gmt":"2021-09-24T10:08:34","slug":"kontakt","status":"publish","type":"page","link":"https:\/\/albgroup.al\/en\/kontakt\/","title":{"rendered":"Contact"},"content":{"rendered":"\n[et_pb_section fb_built=&#8221;1&#8243; custom_padding_last_edited=&#8221;on|tablet&#8221; _builder_version=&#8221;4.4.6&#8243; background_color=&#8221;rgba(0,0,0,0.47)&#8221; background_image=&#8221;https:\/\/albgroup.al\/wp-content\/uploads\/2020\/08\/kontakctbaner-copy.jpg&#8221; background_blend=&#8221;overlay&#8221; custom_padding=&#8221;200px||200px||false|false&#8221; custom_padding_tablet=&#8221;100px||100px||true|false&#8221; custom_padding_phone=&#8221;&#8221; custom_css_main_element=&#8221;background-position:50% 0%;&#8221;][et_pb_row _builder_version=&#8221;4.4.6&#8243;][et_pb_column type=&#8221;4_4&#8243; _builder_version=&#8221;4.4.6&#8243;][et_pb_text _builder_version=&#8221;4.4.6&#8243; header_font_size=&#8221;22px&#8221; text_orientation=&#8221;center&#8221; background_layout=&#8221;dark&#8221; width=&#8221;32%&#8221; width_tablet=&#8221;100%&#8221; width_phone=&#8221;&#8221; width_last_edited=&#8221;on|tablet&#8221; module_alignment=&#8221;center&#8221; custom_padding=&#8221;10px||||false|false&#8221; header_text_color_tablet=&#8221;&#8221; header_text_color_phone=&#8221;&#8221; header_text_color_last_edited=&#8221;on|phone&#8221; border_width_all=&#8221;5px&#8221; border_color_all=&#8221;rgba(216,216,216,0.21)&#8221;]<h1>KONTAKT<\/h1>[\/et_pb_text][\/et_pb_column][\/et_pb_row][\/et_pb_section][et_pb_section fb_built=&#8221;1&#8243; _builder_version=&#8221;4.4.6&#8243; background_enable_image=&#8221;off&#8221; custom_padding=&#8221;||0px|||&#8221;][et_pb_row _builder_version=&#8221;4.4.6&#8243;][et_pb_column type=&#8221;4_4&#8243; _builder_version=&#8221;4.4.6&#8243;][et_pb_text _builder_version=&#8221;4.4.6&#8243; hover_enabled=&#8221;0&#8243;]<p>Stafi Albgroup mir\u00ebpret \u00e7do kontakt nga klient\u00ebt, partner\u00ebt apo t\u00eb interesuar p\u00ebr pun\u00ebsim. Zyra jon\u00eb e informacionit do t\u2019ju orientoj\u00eb p\u00ebr procedurat e m\u00ebtejshme t\u00eb komunikimit. Ju lutemi t\u00eb na kontaktoni n\u00eb nj\u00eb nga format e m\u00ebposhtme t\u00eb kontaktit.<\/p>[\/et_pb_text][\/et_pb_column][\/et_pb_row][et_pb_row column_structure=&#8221;1_3,2_3&#8243; _builder_version=&#8221;4.4.6&#8243; width=&#8221;82%&#8221; max_width=&#8221;90%&#8221; border_width_all=&#8221;5px&#8221; border_color_all=&#8221;rgba(255,255,255,0.83)&#8221;][et_pb_column type=&#8221;1_3&#8243; _builder_version=&#8221;4.4.2&#8243;][et_pb_text module_class=&#8221;draw&#8221; _builder_version=&#8221;4.4.6&#8243; header_3_text_color=&#8221;#349ed4&#8243; header_3_font_size=&#8221;43px&#8221; width=&#8221;100%&#8221; module_alignment=&#8221;center&#8221; custom_padding=&#8221;5px|20px|0px|20px|false|false&#8221; header_3_font_size_tablet=&#8221;30px&#8221; header_3_font_size_phone=&#8221;22px&#8221; header_3_font_size_last_edited=&#8221;on|phone&#8221; border_color_all=&#8221;#349ed4&#8243;]<h3 ><span style=\"font-weight: bold;\">Kontakto me ne<\/span><\/h3>[\/et_pb_text][et_pb_blurb image=&#8221;https:\/\/albgroup.al\/wp-content\/uploads\/2020\/05\/location-copy.png&#8221; icon_placement=&#8221;left&#8221; image_max_width=&#8221;75%&#8221; _builder_version=&#8221;4.4.6&#8243;]<p>Adresa: <span>Warehouse 27, Tirana Industrial Park, Tiran\u00eb<\/span><\/p>[\/et_pb_blurb][et_pb_blurb use_icon=&#8221;on&#8221; font_icon=&#8221;%%238%%&#8221; icon_placement=&#8221;left&#8221; use_icon_font_size=&#8221;on&#8221; icon_font_size=&#8221;29px&#8221; _builder_version=&#8221;4.4.6&#8243;]<p><a style=\"color:#333;\" href=\"mailto:info@albgroup.al\" target=\"_blank\" rel=\"noopener noreferrer\" data-auth=\"NotApplicable\">info@albgroup.al<\/a><\/p>[\/et_pb_blurb][\/et_pb_column][et_pb_column type=&#8221;2_3&#8243; _builder_version=&#8221;4.4.2&#8243;][et_pb_contact_form captcha=&#8221;off&#8221; email=&#8221; info@albgroup.al&#8221; submit_button_text=&#8221;Dergo&#8221; _builder_version=&#8221;4.4.6&#8243; custom_button=&#8221;on&#8221; button_text_color=&#8221;#ffffff&#8221; button_bg_color=&#8221;#349ed4&#8243; custom_padding=&#8221;0px|30px|0px|30px|false|false&#8221; custom_padding_tablet=&#8221;|0px||0px|false|true&#8221; custom_padding_phone=&#8221;&#8221; custom_padding_last_edited=&#8221;on|tablet&#8221;][et_pb_contact_field field_id=&#8221;Name&#8221; field_title=&#8221;Emri&#8221; _builder_version=&#8221;4.4.2&#8243; button_text_size__hover_enabled=&#8221;off&#8221; button_one_text_size__hover_enabled=&#8221;off&#8221; button_two_text_size__hover_enabled=&#8221;off&#8221; button_text_color__hover_enabled=&#8221;off&#8221; button_one_text_color__hover_enabled=&#8221;off&#8221; button_two_text_color__hover_enabled=&#8221;off&#8221; button_border_width__hover_enabled=&#8221;off&#8221; button_one_border_width__hover_enabled=&#8221;off&#8221; button_two_border_width__hover_enabled=&#8221;off&#8221; button_border_color__hover_enabled=&#8221;off&#8221; button_one_border_color__hover_enabled=&#8221;off&#8221; button_two_border_color__hover_enabled=&#8221;off&#8221; button_border_radius__hover_enabled=&#8221;off&#8221; button_one_border_radius__hover_enabled=&#8221;off&#8221; button_two_border_radius__hover_enabled=&#8221;off&#8221; button_letter_spacing__hover_enabled=&#8221;off&#8221; button_one_letter_spacing__hover_enabled=&#8221;off&#8221; button_two_letter_spacing__hover_enabled=&#8221;off&#8221; button_bg_color__hover_enabled=&#8221;off&#8221; button_one_bg_color__hover_enabled=&#8221;off&#8221; button_two_bg_color__hover_enabled=&#8221;off&#8221;][\/et_pb_contact_field][et_pb_contact_field field_id=&#8221;mbiemri&#8221; field_title=&#8221;Mbiemri&#8221; _builder_version=&#8221;4.4.2&#8243; button_text_size__hover_enabled=&#8221;off&#8221; button_one_text_size__hover_enabled=&#8221;off&#8221; button_two_text_size__hover_enabled=&#8221;off&#8221; button_text_color__hover_enabled=&#8221;off&#8221; button_one_text_color__hover_enabled=&#8221;off&#8221; button_two_text_color__hover_enabled=&#8221;off&#8221; button_border_width__hover_enabled=&#8221;off&#8221; button_one_border_width__hover_enabled=&#8221;off&#8221; button_two_border_width__hover_enabled=&#8221;off&#8221; button_border_color__hover_enabled=&#8221;off&#8221; button_one_border_color__hover_enabled=&#8221;off&#8221; button_two_border_color__hover_enabled=&#8221;off&#8221; button_border_radius__hover_enabled=&#8221;off&#8221; button_one_border_radius__hover_enabled=&#8221;off&#8221; button_two_border_radius__hover_enabled=&#8221;off&#8221; button_letter_spacing__hover_enabled=&#8221;off&#8221; button_one_letter_spacing__hover_enabled=&#8221;off&#8221; button_two_letter_spacing__hover_enabled=&#8221;off&#8221; button_bg_color__hover_enabled=&#8221;off&#8221; button_one_bg_color__hover_enabled=&#8221;off&#8221; button_two_bg_color__hover_enabled=&#8221;off&#8221;][\/et_pb_contact_field][et_pb_contact_field field_id=&#8221;Email&#8221; field_title=&#8221;Email &#8221; field_type=&#8221;email&#8221; _builder_version=&#8221;4.4.6&#8243; button_text_size__hover_enabled=&#8221;off&#8221; button_one_text_size__hover_enabled=&#8221;off&#8221; button_two_text_size__hover_enabled=&#8221;off&#8221; button_text_color__hover_enabled=&#8221;off&#8221; button_one_text_color__hover_enabled=&#8221;off&#8221; button_two_text_color__hover_enabled=&#8221;off&#8221; button_border_width__hover_enabled=&#8221;off&#8221; button_one_border_width__hover_enabled=&#8221;off&#8221; button_two_border_width__hover_enabled=&#8221;off&#8221; button_border_color__hover_enabled=&#8221;off&#8221; button_one_border_color__hover_enabled=&#8221;off&#8221; button_two_border_color__hover_enabled=&#8221;off&#8221; button_border_radius__hover_enabled=&#8221;off&#8221; button_one_border_radius__hover_enabled=&#8221;off&#8221; button_two_border_radius__hover_enabled=&#8221;off&#8221; button_letter_spacing__hover_enabled=&#8221;off&#8221; button_one_letter_spacing__hover_enabled=&#8221;off&#8221; button_two_letter_spacing__hover_enabled=&#8221;off&#8221; button_bg_color__hover_enabled=&#8221;off&#8221; button_one_bg_color__hover_enabled=&#8221;off&#8221; button_two_bg_color__hover_enabled=&#8221;off&#8221;][\/et_pb_contact_field][et_pb_contact_field field_id=&#8221;telefon&#8221; field_title=&#8221;Telefon&#8221; allowed_symbols=&#8221;numbers&#8221; _builder_version=&#8221;4.4.6&#8243;][\/et_pb_contact_field][et_pb_contact_field field_id=&#8221;Field_6&#8243; field_title=&#8221;P\u00ebrzgjidh &#8221; field_type=&#8221;select&#8221; select_options=&#8221;%91{%22value%22:%22Klient%22,%22checked%22:0,%22dragID%22:-1},{%22value%22:%22Partner%22,%22checked%22:0,%22dragID%22:0},{%22value%22:%22Pun\u00ebsim%22,%22checked%22:0,%22dragID%22:1}%93&#8243; fullwidth_field=&#8221;on&#8221; _builder_version=&#8221;4.4.6&#8243;][\/et_pb_contact_field][et_pb_contact_field field_id=&#8221;Message&#8221; field_title=&#8221;Mesazh&#8221; field_type=&#8221;text&#8221; fullwidth_field=&#8221;on&#8221; _builder_version=&#8221;4.4.2&#8243; button_text_size__hover_enabled=&#8221;off&#8221; button_one_text_size__hover_enabled=&#8221;off&#8221; button_two_text_size__hover_enabled=&#8221;off&#8221; button_text_color__hover_enabled=&#8221;off&#8221; button_one_text_color__hover_enabled=&#8221;off&#8221; button_two_text_color__hover_enabled=&#8221;off&#8221; button_border_width__hover_enabled=&#8221;off&#8221; button_one_border_width__hover_enabled=&#8221;off&#8221; button_two_border_width__hover_enabled=&#8221;off&#8221; button_border_color__hover_enabled=&#8221;off&#8221; button_one_border_color__hover_enabled=&#8221;off&#8221; button_two_border_color__hover_enabled=&#8221;off&#8221; button_border_radius__hover_enabled=&#8221;off&#8221; button_one_border_radius__hover_enabled=&#8221;off&#8221; button_two_border_radius__hover_enabled=&#8221;off&#8221; button_letter_spacing__hover_enabled=&#8221;off&#8221; button_one_letter_spacing__hover_enabled=&#8221;off&#8221; button_two_letter_spacing__hover_enabled=&#8221;off&#8221; button_bg_color__hover_enabled=&#8221;off&#8221; button_one_bg_color__hover_enabled=&#8221;off&#8221; button_two_bg_color__hover_enabled=&#8221;off&#8221;][\/et_pb_contact_field][\/et_pb_contact_form][\/et_pb_column][\/et_pb_row][\/et_pb_section][et_pb_section fb_built=&#8221;1&#8243; _builder_version=&#8221;4.4.6&#8243; custom_padding=&#8221;0px||0px||false|false&#8221;][et_pb_row _builder_version=&#8221;4.4.6&#8243; width=&#8221;100%&#8221; max_width=&#8221;100%&#8221; custom_padding=&#8221;0px||0px|||&#8221;][et_pb_column type=&#8221;4_4&#8243; _builder_version=&#8221;4.4.6&#8243;][et_pb_code _builder_version=&#8221;4.4.6&#8243; custom_margin=&#8221;0px||0px||true|false&#8221; custom_padding=&#8221;0px||0px||true|false&#8221;]<iframe loading=\"lazy\" src=\"https:\/\/www.google.com\/maps\/embed?pb=!1m18!1m12!1m3!1d2994.2099958303033!2d19.711232215425234!3d41.369522079265785!2m3!1f0!2f0!3f0!3m2!1i1024!2i768!4f13.1!3m3!1m2!1s0x0%3A0x0!2zNDHCsDIyJzEwLjMiTiAxOcKwNDInNDguMyJF!5e0!3m2!1sen!2s!4v1589947533894!5m2!1sen!2s\" width=\"100%\" height=\"450\" frameborder=\"0\" style=\"border:0;\" allowfullscreen=\"\" aria-hidden=\"false\" tabindex=\"0\"><\/iframe>[\/et_pb_code][\/et_pb_column][\/et_pb_row][\/et_pb_section]\n","protected":false},"excerpt":{"rendered":"<p>KONTAKTStafi Albgroup mir\u00ebpret \u00e7do kontakt nga klient\u00ebt, partner\u00ebt apo t\u00eb interesuar p\u00ebr pun\u00ebsim. Zyra jon\u00eb e informacionit do t\u2019ju orientoj\u00eb p\u00ebr procedurat e m\u00ebtejshme t\u00eb komunikimit. Ju lutemi t\u00eb na kontaktoni n\u00eb nj\u00eb nga format e m\u00ebposhtme t\u00eb kontaktit.Kontakto me neAdresa: Warehouse 27, Tirana Industrial Park, Tiran\u00ebinfo@albgroup.al<\/p>","protected":false},"author":1,"featured_media":0,"parent":0,"menu_order":0,"comment_status":"closed","ping_status":"closed","template":"","meta":{"_et_pb_use_builder":"on","_et_pb_old_content":"","_et_gb_content_width":"","footnotes":""},"class_list":["post-46","page","type-page","status-publish","hentry"],"yoast_head":"<!-- This site is optimized with the Yoast SEO plugin v27.4 - https:\/\/yoast.com\/product\/yoast-seo-wordpress\/ -->\n<title>Kontakt - AlbGroup<\/title>\n<meta name=\"description\" content=\"Stafi Albgroup mir\u00ebpret \u00e7do kontakt nga klient\u00ebt, partner\u00ebt apo t\u00eb interesuar p\u00ebr pun\u00ebsim. Zyra jon\u00eb e informacionit do t\u2019ju orientoj\u00eb.\" \/>\n<meta name=\"robots\" content=\"index, follow, max-snippet:-1, max-image-preview:large, max-video-preview:-1\" \/>\n<link rel=\"canonical\" href=\"https:\/\/albgroup.al\/en\/kontakt\/\" \/>\n<meta property=\"og:locale\" content=\"en_US\" \/>\n<meta property=\"og:type\" content=\"article\" \/>\n<meta property=\"og:title\" content=\"Kontakt - AlbGroup\" \/>\n<meta property=\"og:description\" content=\"Stafi Albgroup mir\u00ebpret \u00e7do kontakt nga klient\u00ebt, partner\u00ebt apo t\u00eb interesuar p\u00ebr pun\u00ebsim. Zyra jon\u00eb e informacionit do t\u2019ju orientoj\u00eb.\" \/>\n<meta property=\"og:url\" content=\"https:\/\/albgroup.al\/en\/kontakt\/\" \/>\n<meta property=\"og:site_name\" content=\"AlbGroup\" \/>\n<meta property=\"article:publisher\" content=\"https:\/\/www.facebook.com\/AlbGroup1\" \/>\n<meta property=\"article:modified_time\" content=\"2021-09-24T10:08:34+00:00\" \/>\n<meta name=\"twitter:card\" content=\"summary_large_image\" \/>\n<meta name=\"twitter:label1\" content=\"Est. reading time\" \/>\n\t<meta name=\"twitter:data1\" content=\"2 minutes\" \/>\n<script type=\"application\/ld+json\" class=\"yoast-schema-graph\">{\"@context\":\"https:\\\/\\\/schema.org\",\"@graph\":[{\"@type\":\"WebPage\",\"@id\":\"https:\\\/\\\/albgroup.al\\\/kontakt\\\/\",\"url\":\"https:\\\/\\\/albgroup.al\\\/kontakt\\\/\",\"name\":\"Kontakt - AlbGroup\",\"isPartOf\":{\"@id\":\"https:\\\/\\\/albgroup.al\\\/#website\"},\"datePublished\":\"2020-03-29T13:52:44+00:00\",\"dateModified\":\"2021-09-24T10:08:34+00:00\",\"description\":\"Stafi Albgroup mir\u00ebpret \u00e7do kontakt nga klient\u00ebt, partner\u00ebt apo t\u00eb interesuar p\u00ebr pun\u00ebsim. Zyra jon\u00eb e informacionit do t\u2019ju orientoj\u00eb.\",\"breadcrumb\":{\"@id\":\"https:\\\/\\\/albgroup.al\\\/kontakt\\\/#breadcrumb\"},\"inLanguage\":\"en-US\",\"potentialAction\":[{\"@type\":\"ReadAction\",\"target\":[\"https:\\\/\\\/albgroup.al\\\/kontakt\\\/\"]}]},{\"@type\":\"BreadcrumbList\",\"@id\":\"https:\\\/\\\/albgroup.al\\\/kontakt\\\/#breadcrumb\",\"itemListElement\":[{\"@type\":\"ListItem\",\"position\":1,\"name\":\"Home\",\"item\":\"https:\\\/\\\/albgroup.al\\\/\"},{\"@type\":\"ListItem\",\"position\":2,\"name\":\"Kontakt\"}]},{\"@type\":\"WebSite\",\"@id\":\"https:\\\/\\\/albgroup.al\\\/#website\",\"url\":\"https:\\\/\\\/albgroup.al\\\/\",\"name\":\"AlbGroup\",\"description\":\"Home\",\"publisher\":{\"@id\":\"https:\\\/\\\/albgroup.al\\\/#organization\"},\"potentialAction\":[{\"@type\":\"SearchAction\",\"target\":{\"@type\":\"EntryPoint\",\"urlTemplate\":\"https:\\\/\\\/albgroup.al\\\/?s={search_term_string}\"},\"query-input\":{\"@type\":\"PropertyValueSpecification\",\"valueRequired\":true,\"valueName\":\"search_term_string\"}}],\"inLanguage\":\"en-US\"},{\"@type\":\"Organization\",\"@id\":\"https:\\\/\\\/albgroup.al\\\/#organization\",\"name\":\"AlbGroup\",\"url\":\"https:\\\/\\\/albgroup.al\\\/\",\"logo\":{\"@type\":\"ImageObject\",\"inLanguage\":\"en-US\",\"@id\":\"https:\\\/\\\/albgroup.al\\\/#\\\/schema\\\/logo\\\/image\\\/\",\"url\":\"https:\\\/\\\/albgroup.al\\\/wp-content\\\/uploads\\\/2020\\\/05\\\/LOGO-ME-NGJYRA-01-copy.png\",\"contentUrl\":\"https:\\\/\\\/albgroup.al\\\/wp-content\\\/uploads\\\/2020\\\/05\\\/LOGO-ME-NGJYRA-01-copy.png\",\"width\":761,\"height\":269,\"caption\":\"AlbGroup\"},\"image\":{\"@id\":\"https:\\\/\\\/albgroup.al\\\/#\\\/schema\\\/logo\\\/image\\\/\"},\"sameAs\":[\"https:\\\/\\\/www.facebook.com\\\/AlbGroup1\",\"https:\\\/\\\/www.instagram.com\\\/albgroup_\\\/?hl=en\",\"https:\\\/\\\/www.youtube.com\\\/channel\\\/UCv5mUVjCZqffaEfLHsrFTdQ\"]}]}<\/script>\n<!-- \/ Yoast SEO plugin. -->","yoast_head_json":{"title":"Kontakt - AlbGroup","description":"Stafi Albgroup mir\u00ebpret \u00e7do kontakt nga klient\u00ebt, partner\u00ebt apo t\u00eb interesuar p\u00ebr pun\u00ebsim. Zyra jon\u00eb e informacionit do t\u2019ju orientoj\u00eb.","robots":{"index":"index","follow":"follow","max-snippet":"max-snippet:-1","max-image-preview":"max-image-preview:large","max-video-preview":"max-video-preview:-1"},"canonical":"https:\/\/albgroup.al\/en\/kontakt\/","og_locale":"en_US","og_type":"article","og_title":"Kontakt - AlbGroup","og_description":"Stafi Albgroup mir\u00ebpret \u00e7do kontakt nga klient\u00ebt, partner\u00ebt apo t\u00eb interesuar p\u00ebr pun\u00ebsim. Zyra jon\u00eb e informacionit do t\u2019ju orientoj\u00eb.","og_url":"https:\/\/albgroup.al\/en\/kontakt\/","og_site_name":"AlbGroup","article_publisher":"https:\/\/www.facebook.com\/AlbGroup1","article_modified_time":"2021-09-24T10:08:34+00:00","twitter_card":"summary_large_image","twitter_misc":{"Est. reading time":"2 minutes"},"schema":{"@context":"https:\/\/schema.org","@graph":[{"@type":"WebPage","@id":"https:\/\/albgroup.al\/kontakt\/","url":"https:\/\/albgroup.al\/kontakt\/","name":"Kontakt - AlbGroup","isPartOf":{"@id":"https:\/\/albgroup.al\/#website"},"datePublished":"2020-03-29T13:52:44+00:00","dateModified":"2021-09-24T10:08:34+00:00","description":"Stafi Albgroup mir\u00ebpret \u00e7do kontakt nga klient\u00ebt, partner\u00ebt apo t\u00eb interesuar p\u00ebr pun\u00ebsim. Zyra jon\u00eb e informacionit do t\u2019ju orientoj\u00eb.","breadcrumb":{"@id":"https:\/\/albgroup.al\/kontakt\/#breadcrumb"},"inLanguage":"en-US","potentialAction":[{"@type":"ReadAction","target":["https:\/\/albgroup.al\/kontakt\/"]}]},{"@type":"BreadcrumbList","@id":"https:\/\/albgroup.al\/kontakt\/#breadcrumb","itemListElement":[{"@type":"ListItem","position":1,"name":"Home","item":"https:\/\/albgroup.al\/"},{"@type":"ListItem","position":2,"name":"Kontakt"}]},{"@type":"WebSite","@id":"https:\/\/albgroup.al\/#website","url":"https:\/\/albgroup.al\/","name":"AlbGroup","description":"Home","publisher":{"@id":"https:\/\/albgroup.al\/#organization"},"potentialAction":[{"@type":"SearchAction","target":{"@type":"EntryPoint","urlTemplate":"https:\/\/albgroup.al\/?s={search_term_string}"},"query-input":{"@type":"PropertyValueSpecification","valueRequired":true,"valueName":"search_term_string"}}],"inLanguage":"en-US"},{"@type":"Organization","@id":"https:\/\/albgroup.al\/#organization","name":"AlbGroup","url":"https:\/\/albgroup.al\/","logo":{"@type":"ImageObject","inLanguage":"en-US","@id":"https:\/\/albgroup.al\/#\/schema\/logo\/image\/","url":"https:\/\/albgroup.al\/wp-content\/uploads\/2020\/05\/LOGO-ME-NGJYRA-01-copy.png","contentUrl":"https:\/\/albgroup.al\/wp-content\/uploads\/2020\/05\/LOGO-ME-NGJYRA-01-copy.png","width":761,"height":269,"caption":"AlbGroup"},"image":{"@id":"https:\/\/albgroup.al\/#\/schema\/logo\/image\/"},"sameAs":["https:\/\/www.facebook.com\/AlbGroup1","https:\/\/www.instagram.com\/albgroup_\/?hl=en","https:\/\/www.youtube.com\/channel\/UCv5mUVjCZqffaEfLHsrFTdQ"]}]}},"_links":{"self":[{"href":"https:\/\/albgroup.al\/en\/wp-json\/wp\/v2\/pages\/46","targetHints":{"allow":["GET"]}}],"collection":[{"href":"https:\/\/albgroup.al\/en\/wp-json\/wp\/v2\/pages"}],"about":[{"href":"https:\/\/albgroup.al\/en\/wp-json\/wp\/v2\/types\/page"}],"author":[{"embeddable":true,"href":"https:\/\/albgroup.al\/en\/wp-json\/wp\/v2\/users\/1"}],"replies":[{"embeddable":true,"href":"https:\/\/albgroup.al\/en\/wp-json\/wp\/v2\/comments?post=46"}],"version-history":[{"count":0,"href":"https:\/\/albgroup.al\/en\/wp-json\/wp\/v2\/pages\/46\/revisions"}],"wp:attachment":[{"href":"https:\/\/albgroup.al\/en\/wp-json\/wp\/v2\/media?parent=46"}],"curies":[{"name":"wp","href":"https:\/\/api.w.org\/{rel}","templated":true}]}}