{"id":44,"date":"2020-03-29T13:52:25","date_gmt":"2020-03-29T13:52:25","guid":{"rendered":"https:\/\/albgroup.al\/?page_id=44"},"modified":"2022-01-18T11:34:23","modified_gmt":"2022-01-18T09:34:23","slug":"apliko","status":"publish","type":"page","link":"https:\/\/albgroup.al\/en\/apliko\/","title":{"rendered":"Apliko"},"content":{"rendered":"\n[et_pb_section fb_built=&#8221;1&#8243; custom_padding_last_edited=&#8221;on|tablet&#8221; _builder_version=&#8221;4.4.6&#8243; background_color=&#8221;rgba(0,0,0,0.47)&#8221; background_image=&#8221;https:\/\/albgroup.al\/wp-content\/uploads\/2020\/08\/karriera-punesim-copy.jpg&#8221; background_blend=&#8221;overlay&#8221; custom_padding=&#8221;200px||200px||false|false&#8221; custom_padding_tablet=&#8221;100px||100px||true|false&#8221; custom_padding_phone=&#8221;&#8221; custom_css_main_element=&#8221;background-position:50% 35%;&#8221;][et_pb_row _builder_version=&#8221;4.4.6&#8243;][et_pb_column type=&#8221;4_4&#8243; _builder_version=&#8221;4.4.6&#8243;][et_pb_text _builder_version=&#8221;4.4.6&#8243; text_orientation=&#8221;center&#8221; background_layout=&#8221;dark&#8221; width=&#8221;32%&#8221; width_tablet=&#8221;100%&#8221; width_phone=&#8221;&#8221; width_last_edited=&#8221;on|tablet&#8221; module_alignment=&#8221;center&#8221; custom_padding=&#8221;10px||||false|false&#8221; header_font_size_tablet=&#8221;&#8221; header_font_size_phone=&#8221;22px&#8221; header_font_size_last_edited=&#8221;on|phone&#8221; border_width_all=&#8221;5px&#8221; border_color_all=&#8221;rgba(216,216,216,0.21)&#8221;]<h1>APLIKO<\/h1>[\/et_pb_text][\/et_pb_column][\/et_pb_row][\/et_pb_section][et_pb_section fb_built=&#8221;1&#8243; _builder_version=&#8221;4.4.3&#8243; custom_padding=&#8221;||2px|||&#8221;][et_pb_row _builder_version=&#8221;4.4.3&#8243;][et_pb_column type=&#8221;4_4&#8243; _builder_version=&#8221;4.4.3&#8243;][et_pb_text _builder_version=&#8221;4.4.6&#8243; text_font_size=&#8221;16px&#8221; text_orientation=&#8221;center&#8221;]<p style=\"text-align: left;\">Albgroup mir\u00ebpret \u00e7do aplikim n\u00eb pozicionet vakante t\u00eb pun\u00ebs p\u00ebr secilin q\u00eb mendon se i nevojitet nj\u00eb ambient pune sfidues, me mund\u00ebsin\u00eb p\u00ebr t\u2019u rritur, m\u00eb d\u00ebshir\u00ebn p\u00ebr t\u00eb sjell\u00eb ndryshim n\u00eb praktikat e p\u00ebrditshme. \u00a0Jemi n\u00eb \u00e7do koh\u00eb n\u00eb k\u00ebrkim t\u00eb personave ambicioz dhe pozitiv.<\/p>[\/et_pb_text][\/et_pb_column][\/et_pb_row][\/et_pb_section][et_pb_section fb_built=&#8221;1&#8243; _builder_version=&#8221;4.4.2&#8243; custom_padding=&#8221;2px|||||&#8221;][et_pb_row column_structure=&#8221;1_2,1_2&#8243; make_equal=&#8221;on&#8221; _builder_version=&#8221;4.4.3&#8243;][et_pb_column type=&#8221;1_2&#8243; module_class=&#8221;kolona-job&#8221; _builder_version=&#8221;4.4.3&#8243; background_color=&#8221;#f5f5f5&#8243; custom_padding=&#8221;50px|30px|50px|30px|false|false&#8221; background_last_edited=&#8221;off|desktop&#8221; background__hover_enabled=&#8221;on|hover&#8221; background_color__hover=&#8221;#89cbf8&#8243; background_enable_color__hover=&#8221;on&#8221;][et_pb_text _builder_version=&#8221;4.4.6&#8243; custom_margin=&#8221;||0px||false|false&#8221; custom_padding=&#8221;||0px||false|false&#8221;]AlbPastrim kompania q\u00eb merret me sh\u00ebrbime pastrimi, mir\u00ebmbajtje mujore, pastrime gjenerale, pastrim fasade, tapicerit, sh\u00ebrbime DDD (Dezifektim, Dezinsektim, Deratizim).\nFirm\u00eb q\u00eb merret me administrimin dhe me pastrimin e ambienteve publike dhe private, k\u00ebrkon t\u00eb pun\u00ebsoj\u00eb:\n<h3>&#8220;Punonj\u00ebs pastrimi p\u00ebr xhama &#8220;<\/h3>\n<strong>Detyrat dhe P\u00ebrgjegj\u00ebsit\u00eb <\/strong>\n1. Kryen pastrimin e fasadave t\u00eb xhamit brenda dhe jasht\u00eb nd\u00ebrtesave t\u00eb lart\u00ebsive t\u00eb ndryshme. <span id=\"dots\">&#8230;<\/span><span id=\"more\">\n2. Respekton rradh\u00ebn e pun\u00ebs gjat\u00eb pastrimit t\u00eb xhamave\n3. Respekton kushtet p\u00ebr sigurin\u00eb dhe sh\u00ebndetin n\u00eb pun\u00eb\n<strong>Kualifikimet dhe K\u00ebrkesat<\/strong>\n1. T\u00eb ket\u00eb p\u00ebrfunduar arsimin e mes\u00ebm\n2. Preferohen meshkuj me ose pa eksperienc\u00eb pune\n3. T\u00eb jet\u00eb i p\u00ebrgjegjsh\u00ebm dhe korrekt n\u00eb pun\u00eb\n4. T\u00eb dij\u00eb t\u00eb p\u00ebrdor\u00eb makinerit\u00eb e pastrimit\nPersonat e interesuar mund t\u00eb kontaktojn\u00eb n\u00eb adresat e m\u00ebposhtme:\nEmail: hr@albgroup.al\nTel: 067 40 100 44\nAdresa: \u201cMall of Tirana\u201d Kompleksi Tirana Industrial Park, kapanoni 27, Kashar\n\u201cInformacioni personal q\u00eb do t\u00eb paraqisni p\u00ebrmes aplikimit tuaj, do t\u00eb mbrohet dhe p\u00ebrdoret vet\u00ebm p\u00ebr q\u00ebllime rekrutimi, sipas legjislacionit p\u00ebr mbrojtjen e informacionit personal, konkretisht sipas Kushtetut\u00ebs s\u00eb Republik\u00ebs s\u00eb Shqip\u00ebris\u00eb dhe Ligjit( Nr. 9887, dat\u00eb 10.03.2008)\u201d P\u00ebr Mbrojtjen e Informacionit Personal<\/span>\n<a onclick=\"myFunction()\" id=\"myBtn\">&#x21D3;<\/a>[\/et_pb_text][et_pb_button button_url=&#8221;#aaa&#8221; button_text=&#8221;Apliko&#8221; _builder_version=&#8221;4.4.6&#8243; background_layout=&#8221;dark&#8221; hover_enabled=&#8221;0&#8243;][\/et_pb_button][\/et_pb_column][et_pb_column type=&#8221;1_2&#8243; module_class=&#8221;kolona-job&#8221; _builder_version=&#8221;4.4.3&#8243; background_color=&#8221;#f5f5f5&#8243; custom_padding=&#8221;50px|30px|50px|30px|false|false&#8221; background_color__hover=&#8221;#89cbf8&#8243; background__hover_enabled=&#8221;on|hover&#8221; background_enable_color__hover=&#8221;on&#8221;][et_pb_text _builder_version=&#8221;4.4.6&#8243; custom_margin=&#8221;||0px||false|false&#8221; custom_padding=&#8221;||0px||false|false&#8221; locked=&#8221;off&#8221;]AlbSolution kompania q\u00eb merret me tregtim t\u00eb materialeve t\u00eb pastrimit, detergjent\u00eb pastrimi, artikujt t\u00eb ndrysh\u00ebm industrial, k\u00ebrkon t\u00eb pun\u00ebsoj\u00eb:\n<h3>&#8220;Agjent Shitjesh \u201c<\/h3>\n<strong>Detyrat dhe P\u00ebrgjegj\u00ebsit\u00eb<\/strong>\n\u2022 P\u00ebrgjegj\u00ebs p\u00ebr menaxhimin e portofolit t\u00eb klient\u00ebve dhe ndjekja e marr\u00ebdh\u00ebnieve me ta;\n\u2022 Realizon planin e shitjeve t\u00eb p\u00ebrcaktuar nga kompania n\u00eb zon\u00ebn \/ portofolin e klient\u00ebve t\u00eb tij; <span id=\"dots2\">&#8230;<\/span><span id=\"more2\">\n\u2022 Njeh n\u00eb m\u00ebnyr\u00eb t\u00eb shk\u00eblqyer produktet e kompanis\u00eb, si dhe produktet e konkurrent\u00ebve;\n\u2022 P\u00ebrgjegj\u00ebs p\u00ebr mir\u00ebmbajtjen e rrjetit ekzitues t\u00eb klient\u00ebve dhe indentifikimin e klient\u00ebve t\u00eb rinj;\n\u2022 Nd\u00ebrton, mir\u00ebmban dhe p\u00ebrmir\u00ebson marr\u00ebdh\u00ebniet e biznesit me klient\u00ebt duke siguruar plot\u00ebsimin e nevojave t\u00eb tyre sipas standarteve m\u00eb t\u00eb larta;\n\u2022 Inicion plane veprimi p\u00ebr krijimin alternativash t\u00eb reja p\u00ebr shitjen e produkteve t\u00eb kompanis\u00eb;\n\u2022 P\u00ebrgjegj\u00ebs p\u00ebr ndjekjen e pro\u00e7eseve t\u00eb pun\u00ebs sic p\u00ebrcaktohet n\u00eb udh\u00ebzimet e shitjeve dhe n\u00eb p\u00ebrputhje me objektivat e p\u00ebrcaktuara nga kompania;\n\u2022 Negocion me klient\u00ebt p\u00ebr shitjen e produkteve;\n\u2022 Komunikon n\u00eb m\u00ebnyr\u00eb profesionale me klient\u00ebt dhe mban kontakte t\u00eb vazhdueshme me ta;\n\u2022 Raporton n\u00eb m\u00ebnyr\u00eb aktive p\u00ebr konkurrenc\u00ebn ( \u00e7mimet\/ ofertat\/ etj);\n\u2022 T\u00eb zbatoj me p\u00ebrpikm\u00ebri dhe brenda afatit kohor t\u00eb k\u00ebrkuar, t\u00eb realizimit t\u00eb detyrave dhe zgjidhjes s\u00eb problemeve t\u00eb p\u00ebrcaktuar nga eprori.\n\u2022 Raporton sipas k\u00ebrkes\u00ebs dhe standarteve t\u00eb raportimit;\n\u2022 Detyra te tjera qe mund ti ngarkohen nga Menaxheri i Shitjeve.\nstrong&gt;Kualifikimet dhe K\u00ebrkesat\n1. T\u00eb ket\u00eb p\u00ebrfunduar arsimin e lart\u00eb p\u00ebr Ekonomik ose fush\u00eb tjet\u00ebr t\u00eb ngjashme\n2. Mbi 3 vite eksperienc\u00eb pune t\u00eb ngjashme\n3. Njohje shum\u00eb t\u00eb mir\u00eb t\u00eb zonave t\u00eb ndryshme t\u00eb shitjes, konkurrent\u00eb\n4. T\u00eb zot\u00ebroj leje drejtimi automjeti;\n5. Aft\u00ebsi shum\u00eb t\u00eb mira komunikuese ;\n6. Mosha 24 -35 vje\u00e7.\nPersonat e interesuar mund t\u00eb kontaktojn\u00eb n\u00eb adresat e m\u00ebposhtme:\nEmail: hr@albgroup.al\nTel: 067 40 100 44\nAdresa:\u201cMall of Tirana\u201d Kompleksi Tirana Industrial Park, kapanoni 27, Kashar\n\u201cInformacioni personal q\u00eb do t\u00eb paraqisni p\u00ebrmes aplikimit tuaj, do t\u00eb mbrohet dhe p\u00ebrdoret vet\u00ebm p\u00ebr q\u00ebllime rekrutimi, sipas legjislacionit p\u00ebr mbrojtjen e informacionit personal, konkretisht sipas Kushtetut\u00ebs s\u00eb Republik\u00ebs s\u00eb Shqip\u00ebris\u00eb dhe Ligjit( Nr. 9887, dat\u00eb 10.03.2008)\u201d P\u00ebr Mbrojtjen e Informacionit Personal<\/span>\n<a onclick=\"myFunction2()\" id=\"myBtn2\">\u21d3<\/a>[\/et_pb_text][et_pb_button button_url=&#8221;#aaa&#8221; button_text=&#8221;Apliko&#8221; _builder_version=&#8221;4.4.6&#8243; background_layout=&#8221;dark&#8221; hover_enabled=&#8221;0&#8243;][\/et_pb_button][\/et_pb_column][\/et_pb_row][\/et_pb_section][et_pb_section fb_built=&#8221;1&#8243; _builder_version=&#8221;4.4.2&#8243; background_image=&#8221;https:\/\/albgroup.al\/wp-content\/uploads\/2020\/04\/singapore2.jpg&#8221;][et_pb_row _builder_version=&#8221;4.4.2&#8243; border_width_all=&#8221;5px&#8221; border_color_all=&#8221;rgba(255,255,255,0.83)&#8221;][et_pb_column type=&#8221;4_4&#8243; _builder_version=&#8221;4.4.2&#8243;][et_pb_contact_form captcha=&#8221;off&#8221; email=&#8221; info@albgroup.al&#8221; submit_button_text=&#8221;Dergo&#8221; module_id=&#8221;aaa&#8221; _builder_version=&#8221;4.4.6&#8243; custom_button=&#8221;on&#8221; button_text_color=&#8221;#ffffff&#8221; custom_padding=&#8221;50px|30px|50px|30px|false|false&#8221;][et_pb_contact_field field_id=&#8221;name&#8221; field_title=&#8221;Emri&#8221; _builder_version=&#8221;4.4.6&#8243; button_text_size__hover_enabled=&#8221;off&#8221; button_one_text_size__hover_enabled=&#8221;off&#8221; button_two_text_size__hover_enabled=&#8221;off&#8221; button_text_color__hover_enabled=&#8221;off&#8221; button_one_text_color__hover_enabled=&#8221;off&#8221; button_two_text_color__hover_enabled=&#8221;off&#8221; button_border_width__hover_enabled=&#8221;off&#8221; button_one_border_width__hover_enabled=&#8221;off&#8221; button_two_border_width__hover_enabled=&#8221;off&#8221; button_border_color__hover_enabled=&#8221;off&#8221; button_one_border_color__hover_enabled=&#8221;off&#8221; button_two_border_color__hover_enabled=&#8221;off&#8221; button_border_radius__hover_enabled=&#8221;off&#8221; button_one_border_radius__hover_enabled=&#8221;off&#8221; button_two_border_radius__hover_enabled=&#8221;off&#8221; button_letter_spacing__hover_enabled=&#8221;off&#8221; button_one_letter_spacing__hover_enabled=&#8221;off&#8221; button_two_letter_spacing__hover_enabled=&#8221;off&#8221; button_bg_color__hover_enabled=&#8221;off&#8221; button_one_bg_color__hover_enabled=&#8221;off&#8221; button_two_bg_color__hover_enabled=&#8221;off&#8221;][\/et_pb_contact_field][et_pb_contact_field field_id=&#8221;mbiemri&#8221; field_title=&#8221;Mbiemri&#8221; _builder_version=&#8221;4.4.6&#8243; button_text_size__hover_enabled=&#8221;off&#8221; button_one_text_size__hover_enabled=&#8221;off&#8221; button_two_text_size__hover_enabled=&#8221;off&#8221; button_text_color__hover_enabled=&#8221;off&#8221; button_one_text_color__hover_enabled=&#8221;off&#8221; button_two_text_color__hover_enabled=&#8221;off&#8221; button_border_width__hover_enabled=&#8221;off&#8221; button_one_border_width__hover_enabled=&#8221;off&#8221; button_two_border_width__hover_enabled=&#8221;off&#8221; button_border_color__hover_enabled=&#8221;off&#8221; button_one_border_color__hover_enabled=&#8221;off&#8221; button_two_border_color__hover_enabled=&#8221;off&#8221; button_border_radius__hover_enabled=&#8221;off&#8221; button_one_border_radius__hover_enabled=&#8221;off&#8221; button_two_border_radius__hover_enabled=&#8221;off&#8221; button_letter_spacing__hover_enabled=&#8221;off&#8221; button_one_letter_spacing__hover_enabled=&#8221;off&#8221; button_two_letter_spacing__hover_enabled=&#8221;off&#8221; button_bg_color__hover_enabled=&#8221;off&#8221; button_one_bg_color__hover_enabled=&#8221;off&#8221; button_two_bg_color__hover_enabled=&#8221;off&#8221;][\/et_pb_contact_field][et_pb_contact_field field_id=&#8221;email&#8221; field_title=&#8221;Email &#8221; field_type=&#8221;email&#8221; _builder_version=&#8221;4.4.6&#8243; button_text_size__hover_enabled=&#8221;off&#8221; button_one_text_size__hover_enabled=&#8221;off&#8221; button_two_text_size__hover_enabled=&#8221;off&#8221; button_text_color__hover_enabled=&#8221;off&#8221; button_one_text_color__hover_enabled=&#8221;off&#8221; button_two_text_color__hover_enabled=&#8221;off&#8221; button_border_width__hover_enabled=&#8221;off&#8221; button_one_border_width__hover_enabled=&#8221;off&#8221; button_two_border_width__hover_enabled=&#8221;off&#8221; button_border_color__hover_enabled=&#8221;off&#8221; button_one_border_color__hover_enabled=&#8221;off&#8221; button_two_border_color__hover_enabled=&#8221;off&#8221; button_border_radius__hover_enabled=&#8221;off&#8221; button_one_border_radius__hover_enabled=&#8221;off&#8221; button_two_border_radius__hover_enabled=&#8221;off&#8221; button_letter_spacing__hover_enabled=&#8221;off&#8221; button_one_letter_spacing__hover_enabled=&#8221;off&#8221; button_two_letter_spacing__hover_enabled=&#8221;off&#8221; button_bg_color__hover_enabled=&#8221;off&#8221; button_one_bg_color__hover_enabled=&#8221;off&#8221; button_two_bg_color__hover_enabled=&#8221;off&#8221;][\/et_pb_contact_field][et_pb_contact_field field_id=&#8221;job&#8221; field_title=&#8221;Job&#8221; field_type=&#8221;select&#8221; select_options=&#8221;%91{%22value%22:%22Account%22,%22checked%22:0,%22dragID%22:-1},{%22value%22:%22Assistent%22,%22checked%22:0,%22dragID%22:0},{%22value%22:%22Auditor Asistent%22,%22checked%22:0,%22dragID%22:1},{%22value%22:%22Ceo%22,%22checked%22:0,%22dragID%22:2}%93&#8243; _builder_version=&#8221;4.4.6&#8243;][\/et_pb_contact_field][et_pb_contact_field field_id=&#8221;message&#8221; field_title=&#8221;Mesazh&#8221; field_type=&#8221;text&#8221; fullwidth_field=&#8221;on&#8221; _builder_version=&#8221;4.4.6&#8243; button_text_size__hover_enabled=&#8221;off&#8221; button_one_text_size__hover_enabled=&#8221;off&#8221; button_two_text_size__hover_enabled=&#8221;off&#8221; button_text_color__hover_enabled=&#8221;off&#8221; button_one_text_color__hover_enabled=&#8221;off&#8221; button_two_text_color__hover_enabled=&#8221;off&#8221; button_border_width__hover_enabled=&#8221;off&#8221; button_one_border_width__hover_enabled=&#8221;off&#8221; button_two_border_width__hover_enabled=&#8221;off&#8221; button_border_color__hover_enabled=&#8221;off&#8221; button_one_border_color__hover_enabled=&#8221;off&#8221; button_two_border_color__hover_enabled=&#8221;off&#8221; button_border_radius__hover_enabled=&#8221;off&#8221; button_one_border_radius__hover_enabled=&#8221;off&#8221; button_two_border_radius__hover_enabled=&#8221;off&#8221; button_letter_spacing__hover_enabled=&#8221;off&#8221; button_one_letter_spacing__hover_enabled=&#8221;off&#8221; button_two_letter_spacing__hover_enabled=&#8221;off&#8221; button_bg_color__hover_enabled=&#8221;off&#8221; button_one_bg_color__hover_enabled=&#8221;off&#8221; button_two_bg_color__hover_enabled=&#8221;off&#8221;][\/et_pb_contact_field][\/et_pb_contact_form][\/et_pb_column][\/et_pb_row][\/et_pb_section]\n","protected":false},"excerpt":{"rendered":"<p>APLIKOAlbgroup mir\u00ebpret \u00e7do aplikim n\u00eb pozicionet vakante t\u00eb pun\u00ebs p\u00ebr secilin q\u00eb mendon se i nevojitet nj\u00eb ambient pune sfidues, me mund\u00ebsin\u00eb p\u00ebr t\u2019u rritur, m\u00eb d\u00ebshir\u00ebn p\u00ebr t\u00eb sjell\u00eb ndryshim n\u00eb praktikat e p\u00ebrditshme. \u00a0Jemi n\u00eb \u00e7do koh\u00eb n\u00eb k\u00ebrkim t\u00eb personave ambicioz dhe pozitiv.AlbPastrim kompania q\u00eb merret me sh\u00ebrbime pastrimi, mir\u00ebmbajtje mujore, pastrime [&hellip;]<\/p>\n","protected":false},"author":1,"featured_media":0,"parent":0,"menu_order":0,"comment_status":"closed","ping_status":"closed","template":"","meta":{"_et_pb_use_builder":"on","_et_pb_old_content":"","_et_gb_content_width":"","footnotes":""},"class_list":["post-44","page","type-page","status-publish","hentry"],"yoast_head":"<!-- This site is optimized with the Yoast SEO plugin v27.4 - https:\/\/yoast.com\/product\/yoast-seo-wordpress\/ -->\n<title>Apliko - AlbGroup<\/title>\n<meta name=\"robots\" content=\"index, follow, max-snippet:-1, max-image-preview:large, max-video-preview:-1\" \/>\n<link rel=\"canonical\" href=\"https:\/\/albgroup.al\/en\/apliko\/\" \/>\n<meta property=\"og:locale\" content=\"en_US\" \/>\n<meta property=\"og:type\" content=\"article\" \/>\n<meta property=\"og:title\" content=\"Apliko - AlbGroup\" \/>\n<meta property=\"og:description\" content=\"APLIKOAlbgroup mir\u00ebpret \u00e7do aplikim n\u00eb pozicionet vakante t\u00eb pun\u00ebs p\u00ebr secilin q\u00eb mendon se i nevojitet nj\u00eb ambient pune sfidues, me mund\u00ebsin\u00eb p\u00ebr t\u2019u rritur, m\u00eb d\u00ebshir\u00ebn p\u00ebr t\u00eb sjell\u00eb ndryshim n\u00eb praktikat e p\u00ebrditshme. \u00a0Jemi n\u00eb \u00e7do koh\u00eb n\u00eb k\u00ebrkim t\u00eb personave ambicioz dhe pozitiv.AlbPastrim kompania q\u00eb merret me sh\u00ebrbime pastrimi, mir\u00ebmbajtje mujore, pastrime [&hellip;]\" \/>\n<meta property=\"og:url\" content=\"https:\/\/albgroup.al\/en\/apliko\/\" \/>\n<meta property=\"og:site_name\" content=\"AlbGroup\" \/>\n<meta property=\"article:publisher\" content=\"https:\/\/www.facebook.com\/AlbGroup1\" \/>\n<meta property=\"article:modified_time\" content=\"2022-01-18T09:34:23+00:00\" \/>\n<meta name=\"twitter:card\" content=\"summary_large_image\" \/>\n<meta name=\"twitter:label1\" content=\"Est. reading time\" \/>\n\t<meta name=\"twitter:data1\" content=\"4 minutes\" \/>\n<script type=\"application\/ld+json\" class=\"yoast-schema-graph\">{\"@context\":\"https:\\\/\\\/schema.org\",\"@graph\":[{\"@type\":\"WebPage\",\"@id\":\"https:\\\/\\\/albgroup.al\\\/apliko\\\/\",\"url\":\"https:\\\/\\\/albgroup.al\\\/apliko\\\/\",\"name\":\"Apliko - AlbGroup\",\"isPartOf\":{\"@id\":\"https:\\\/\\\/albgroup.al\\\/#website\"},\"datePublished\":\"2020-03-29T13:52:25+00:00\",\"dateModified\":\"2022-01-18T09:34:23+00:00\",\"breadcrumb\":{\"@id\":\"https:\\\/\\\/albgroup.al\\\/apliko\\\/#breadcrumb\"},\"inLanguage\":\"en-US\",\"potentialAction\":[{\"@type\":\"ReadAction\",\"target\":[\"https:\\\/\\\/albgroup.al\\\/apliko\\\/\"]}]},{\"@type\":\"BreadcrumbList\",\"@id\":\"https:\\\/\\\/albgroup.al\\\/apliko\\\/#breadcrumb\",\"itemListElement\":[{\"@type\":\"ListItem\",\"position\":1,\"name\":\"Home\",\"item\":\"https:\\\/\\\/albgroup.al\\\/\"},{\"@type\":\"ListItem\",\"position\":2,\"name\":\"Apliko\"}]},{\"@type\":\"WebSite\",\"@id\":\"https:\\\/\\\/albgroup.al\\\/#website\",\"url\":\"https:\\\/\\\/albgroup.al\\\/\",\"name\":\"AlbGroup\",\"description\":\"Home\",\"publisher\":{\"@id\":\"https:\\\/\\\/albgroup.al\\\/#organization\"},\"potentialAction\":[{\"@type\":\"SearchAction\",\"target\":{\"@type\":\"EntryPoint\",\"urlTemplate\":\"https:\\\/\\\/albgroup.al\\\/?s={search_term_string}\"},\"query-input\":{\"@type\":\"PropertyValueSpecification\",\"valueRequired\":true,\"valueName\":\"search_term_string\"}}],\"inLanguage\":\"en-US\"},{\"@type\":\"Organization\",\"@id\":\"https:\\\/\\\/albgroup.al\\\/#organization\",\"name\":\"AlbGroup\",\"url\":\"https:\\\/\\\/albgroup.al\\\/\",\"logo\":{\"@type\":\"ImageObject\",\"inLanguage\":\"en-US\",\"@id\":\"https:\\\/\\\/albgroup.al\\\/#\\\/schema\\\/logo\\\/image\\\/\",\"url\":\"https:\\\/\\\/albgroup.al\\\/wp-content\\\/uploads\\\/2020\\\/05\\\/LOGO-ME-NGJYRA-01-copy.png\",\"contentUrl\":\"https:\\\/\\\/albgroup.al\\\/wp-content\\\/uploads\\\/2020\\\/05\\\/LOGO-ME-NGJYRA-01-copy.png\",\"width\":761,\"height\":269,\"caption\":\"AlbGroup\"},\"image\":{\"@id\":\"https:\\\/\\\/albgroup.al\\\/#\\\/schema\\\/logo\\\/image\\\/\"},\"sameAs\":[\"https:\\\/\\\/www.facebook.com\\\/AlbGroup1\",\"https:\\\/\\\/www.instagram.com\\\/albgroup_\\\/?hl=en\",\"https:\\\/\\\/www.youtube.com\\\/channel\\\/UCv5mUVjCZqffaEfLHsrFTdQ\"]}]}<\/script>\n<!-- \/ Yoast SEO plugin. -->","yoast_head_json":{"title":"Apliko - AlbGroup","robots":{"index":"index","follow":"follow","max-snippet":"max-snippet:-1","max-image-preview":"max-image-preview:large","max-video-preview":"max-video-preview:-1"},"canonical":"https:\/\/albgroup.al\/en\/apliko\/","og_locale":"en_US","og_type":"article","og_title":"Apliko - AlbGroup","og_description":"APLIKOAlbgroup mir\u00ebpret \u00e7do aplikim n\u00eb pozicionet vakante t\u00eb pun\u00ebs p\u00ebr secilin q\u00eb mendon se i nevojitet nj\u00eb ambient pune sfidues, me mund\u00ebsin\u00eb p\u00ebr t\u2019u rritur, m\u00eb d\u00ebshir\u00ebn p\u00ebr t\u00eb sjell\u00eb ndryshim n\u00eb praktikat e p\u00ebrditshme. \u00a0Jemi n\u00eb \u00e7do koh\u00eb n\u00eb k\u00ebrkim t\u00eb personave ambicioz dhe pozitiv.AlbPastrim kompania q\u00eb merret me sh\u00ebrbime pastrimi, mir\u00ebmbajtje mujore, pastrime [&hellip;]","og_url":"https:\/\/albgroup.al\/en\/apliko\/","og_site_name":"AlbGroup","article_publisher":"https:\/\/www.facebook.com\/AlbGroup1","article_modified_time":"2022-01-18T09:34:23+00:00","twitter_card":"summary_large_image","twitter_misc":{"Est. reading time":"4 minutes"},"schema":{"@context":"https:\/\/schema.org","@graph":[{"@type":"WebPage","@id":"https:\/\/albgroup.al\/apliko\/","url":"https:\/\/albgroup.al\/apliko\/","name":"Apliko - AlbGroup","isPartOf":{"@id":"https:\/\/albgroup.al\/#website"},"datePublished":"2020-03-29T13:52:25+00:00","dateModified":"2022-01-18T09:34:23+00:00","breadcrumb":{"@id":"https:\/\/albgroup.al\/apliko\/#breadcrumb"},"inLanguage":"en-US","potentialAction":[{"@type":"ReadAction","target":["https:\/\/albgroup.al\/apliko\/"]}]},{"@type":"BreadcrumbList","@id":"https:\/\/albgroup.al\/apliko\/#breadcrumb","itemListElement":[{"@type":"ListItem","position":1,"name":"Home","item":"https:\/\/albgroup.al\/"},{"@type":"ListItem","position":2,"name":"Apliko"}]},{"@type":"WebSite","@id":"https:\/\/albgroup.al\/#website","url":"https:\/\/albgroup.al\/","name":"AlbGroup","description":"Home","publisher":{"@id":"https:\/\/albgroup.al\/#organization"},"potentialAction":[{"@type":"SearchAction","target":{"@type":"EntryPoint","urlTemplate":"https:\/\/albgroup.al\/?s={search_term_string}"},"query-input":{"@type":"PropertyValueSpecification","valueRequired":true,"valueName":"search_term_string"}}],"inLanguage":"en-US"},{"@type":"Organization","@id":"https:\/\/albgroup.al\/#organization","name":"AlbGroup","url":"https:\/\/albgroup.al\/","logo":{"@type":"ImageObject","inLanguage":"en-US","@id":"https:\/\/albgroup.al\/#\/schema\/logo\/image\/","url":"https:\/\/albgroup.al\/wp-content\/uploads\/2020\/05\/LOGO-ME-NGJYRA-01-copy.png","contentUrl":"https:\/\/albgroup.al\/wp-content\/uploads\/2020\/05\/LOGO-ME-NGJYRA-01-copy.png","width":761,"height":269,"caption":"AlbGroup"},"image":{"@id":"https:\/\/albgroup.al\/#\/schema\/logo\/image\/"},"sameAs":["https:\/\/www.facebook.com\/AlbGroup1","https:\/\/www.instagram.com\/albgroup_\/?hl=en","https:\/\/www.youtube.com\/channel\/UCv5mUVjCZqffaEfLHsrFTdQ"]}]}},"_links":{"self":[{"href":"https:\/\/albgroup.al\/en\/wp-json\/wp\/v2\/pages\/44","targetHints":{"allow":["GET"]}}],"collection":[{"href":"https:\/\/albgroup.al\/en\/wp-json\/wp\/v2\/pages"}],"about":[{"href":"https:\/\/albgroup.al\/en\/wp-json\/wp\/v2\/types\/page"}],"author":[{"embeddable":true,"href":"https:\/\/albgroup.al\/en\/wp-json\/wp\/v2\/users\/1"}],"replies":[{"embeddable":true,"href":"https:\/\/albgroup.al\/en\/wp-json\/wp\/v2\/comments?post=44"}],"version-history":[{"count":1,"href":"https:\/\/albgroup.al\/en\/wp-json\/wp\/v2\/pages\/44\/revisions"}],"predecessor-version":[{"id":3536,"href":"https:\/\/albgroup.al\/en\/wp-json\/wp\/v2\/pages\/44\/revisions\/3536"}],"wp:attachment":[{"href":"https:\/\/albgroup.al\/en\/wp-json\/wp\/v2\/media?parent=44"}],"curies":[{"name":"wp","href":"https:\/\/api.w.org\/{rel}","templated":true}]}}