{"id":38,"date":"2020-03-29T13:50:54","date_gmt":"2020-03-29T13:50:54","guid":{"rendered":"https:\/\/albgroup.al\/?page_id=38"},"modified":"2022-01-18T11:36:41","modified_gmt":"2022-01-18T09:36:41","slug":"karriera","status":"publish","type":"page","link":"https:\/\/albgroup.al\/en\/karriera\/","title":{"rendered":"Career"},"content":{"rendered":"\n[et_pb_section fb_built=&#8221;1&#8243; custom_padding_last_edited=&#8221;on|tablet&#8221; _builder_version=&#8221;4.4.6&#8243; background_color=&#8221;rgba(0,0,0,0.47)&#8221; background_image=&#8221;https:\/\/albgroup.al\/wp-content\/uploads\/2020\/08\/banerkarriera-copy.jpg&#8221; background_blend=&#8221;overlay&#8221; custom_padding=&#8221;200px||200px||false|false&#8221; custom_padding_tablet=&#8221;100px||100px||true|false&#8221; custom_padding_phone=&#8221;&#8221; custom_css_main_element=&#8221;background-position:50% 30%;&#8221;][et_pb_row _builder_version=&#8221;4.4.6&#8243;][et_pb_column type=&#8221;4_4&#8243; _builder_version=&#8221;4.4.6&#8243;][et_pb_text _builder_version=&#8221;4.4.6&#8243; header_font_size=&#8221;22px&#8221; text_orientation=&#8221;center&#8221; background_layout=&#8221;dark&#8221; width=&#8221;32%&#8221; width_tablet=&#8221;100%&#8221; width_phone=&#8221;&#8221; width_last_edited=&#8221;on|tablet&#8221; module_alignment=&#8221;center&#8221; custom_padding=&#8221;10px||||false|false&#8221; header_text_color_tablet=&#8221;&#8221; header_text_color_phone=&#8221;&#8221; header_text_color_last_edited=&#8221;on|phone&#8221; border_width_all=&#8221;5px&#8221; border_color_all=&#8221;rgba(216,216,216,0.21)&#8221;]<h1>KARRIERA<\/h1>[\/et_pb_text][\/et_pb_column][\/et_pb_row][\/et_pb_section][et_pb_section fb_built=&#8221;1&#8243; _builder_version=&#8221;4.4.3&#8243; custom_padding=&#8221;||2px|||&#8221;][et_pb_row _builder_version=&#8221;4.4.3&#8243;][et_pb_column type=&#8221;4_4&#8243; _builder_version=&#8221;4.4.3&#8243;][et_pb_text _builder_version=&#8221;4.4.6&#8243; text_font_size=&#8221;16px&#8221; text_orientation=&#8221;justified&#8221; hover_enabled=&#8221;0&#8243;]<p>P\u00ebrtej avancimit t\u00eb teknologjis\u00eb, suksesi i nj\u00eb kompanie varet nga aft\u00ebsia e burimeve njer\u00ebzore. Nj\u00ebr\u00ebzit gjithnj\u00eb jan\u00eb kapitali m\u00eb i \u00e7muar i nj\u00eb biznesi dhe fuqia e grupit \u00ebsht\u00eb e paz\u00ebvend\u00ebsueshme. Suksesi arrihet at\u00ebher\u00eb kur kultura e nj\u00eb kompanie inkurajon zhvillimin, rritjen e m\u00ebtejshme, promovimin, inovacionin. Parimet m\u00eb t\u00eb r\u00ebnd\u00ebsishme n\u00eb Albgroup jan\u00eb respekti p\u00ebr stafin, krijimi i vlerave t\u00eb p\u00ebrbashk\u00ebta dhe inkurajimi i realizimit t\u00eb talentit t\u00eb gjithsecilit.  Kompanit\u00eb e Albgroup investojn\u00eb n\u00eb m\u00ebnyr\u00eb t\u00eb qart\u00eb n\u00eb nj\u00eb plan zhvillimi karriere p\u00ebr secilin punonj\u00ebs t\u00eb tyre. \u00a0<\/p>[\/et_pb_text][\/et_pb_column][\/et_pb_row][\/et_pb_section][et_pb_section fb_built=&#8221;1&#8243; _builder_version=&#8221;4.4.2&#8243; custom_padding=&#8221;2px|||||&#8221;][et_pb_row column_structure=&#8221;1_2,1_2&#8243; use_custom_gutter=&#8221;on&#8221; gutter_width=&#8221;1&#8243; make_equal=&#8221;on&#8221; _builder_version=&#8221;4.4.6&#8243;][et_pb_column type=&#8221;1_2&#8243; module_class=&#8221;kolona-job&#8221; _builder_version=&#8221;4.4.6&#8243; background_color=&#8221;#f5f5f5&#8243; custom_padding=&#8221;50px|30px|50px|30px|false|false&#8221; background_last_edited=&#8221;off|desktop&#8221; background__hover_enabled=&#8221;on|hover&#8221; background_color__hover=&#8221;#349ed4&#8243; background_enable_color__hover=&#8221;on&#8221;][et_pb_text module_class=&#8221;job-text&#8221; _builder_version=&#8221;4.4.6&#8243; custom_margin=&#8221;||0px||false|false&#8221; custom_padding=&#8221;||0px||false|false&#8221; hover_enabled=&#8221;0&#8243;]<h3>Internship<\/h3>\n<p>Ne besojm\u00eb tek potenciali i t\u00eb rinj\u00ebve, d\u00ebshira dhe vullneti i nj\u00eb fryme t\u00eb re e cila mund t\u00eb gjeneroj\u00eb zgjidhje inovative. Student\u00ebt q\u00eb bashkohen n\u00eb praktika pune n\u00eb kompanit\u00eb e Albgroup p\u00ebrfshihen n\u00eb detyra praktike, me objektiva t\u00eb qarta duke synuar zhvillim e tyre profesional.  Politikat tona t\u00eb pun\u00ebsimit gjenerojn\u00eb gjithnj\u00eb vende vakante pune p\u00ebr praktikant\u00ebt m\u00eb t\u00eb mir\u00eb.<\/p>[\/et_pb_text][et_pb_button button_text=&#8221;APLIKO&#8221; button_alignment=&#8221;right&#8221; module_class=&#8221;job-button&#8221; _builder_version=&#8221;4.4.6&#8243; custom_button=&#8221;on&#8221; button_bg_color=&#8221;#349ed4&#8243; button_border_width=&#8221;0px&#8221; button_border_color=&#8221;#349ed4&#8243; background_layout=&#8221;dark&#8221; custom_margin=&#8221;15px||||false|false&#8221;][\/et_pb_button][\/et_pb_column][et_pb_column type=&#8221;1_2&#8243; _builder_version=&#8221;4.4.6&#8243; background_enable_color=&#8221;off&#8221; background_image=&#8221;https:\/\/albgroup.al\/wp-content\/uploads\/2020\/08\/karriera-intership.jpg&#8221; custom_padding=&#8221;50px|30px|50px|30px|false|false&#8221; background_color__hover=&#8221;&#8221; background__hover_enabled=&#8221;on|hover&#8221; background_enable_color__hover=&#8221;off&#8221;][\/et_pb_column][\/et_pb_row][et_pb_row column_structure=&#8221;1_2,1_2&#8243; use_custom_gutter=&#8221;on&#8221; gutter_width=&#8221;1&#8243; make_equal=&#8221;on&#8221; admin_label=&#8221;Row&#8221; _builder_version=&#8221;4.4.6&#8243;][et_pb_column type=&#8221;1_2&#8243; _builder_version=&#8221;4.4.6&#8243; background_enable_color=&#8221;off&#8221; background_image=&#8221;https:\/\/albgroup.al\/wp-content\/uploads\/2020\/08\/karriera-punesim.jpg&#8221; custom_padding=&#8221;50px|30px|50px|30px|false|false&#8221; background_last_edited=&#8221;off|desktop&#8221; background__hover_enabled=&#8221;off|desktop&#8221; background_enable_color__hover=&#8221;off&#8221;][\/et_pb_column][et_pb_column type=&#8221;1_2&#8243; module_class=&#8221;kolona-job&#8221; _builder_version=&#8221;4.4.6&#8243; background_color=&#8221;#f5f5f5&#8243; background_enable_image=&#8221;off&#8221; custom_padding=&#8221;50px|30px|50px|30px|false|false&#8221; background_color__hover=&#8221;#349ed4&#8243; background__hover_enabled=&#8221;on|hover&#8221; background_enable_color__hover=&#8221;on&#8221;][et_pb_text module_class=&#8221;job-text&#8221; _builder_version=&#8221;4.4.6&#8243; hover_enabled=&#8221;0&#8243;]<h3>Vende Vakante<\/h3>\n<p>Albgroup mir\u00ebpret \u00e7do aplikim n\u00eb pozicionet vakante t\u00eb pun\u00ebs p\u00ebr secilin q\u00eb mendon se i nevojitet nj\u00eb ambient pune sfidues, me mund\u00ebsin\u00eb p\u00ebr t\u2019u rritur, m\u00eb d\u00ebshir\u00ebn p\u00ebr t\u00eb sjell\u00eb ndryshim n\u00eb praktikat e p\u00ebrditshme.  Jemi n\u00eb \u00e7do koh\u00eb n\u00eb k\u00ebrkim t\u00eb personave ambicioz dhe pozitiv.<\/p>[\/et_pb_text][et_pb_button button_url=&#8221;https:\/\/albgroup.al\/apliko\/&#8221; button_text=&#8221;APLIKO&#8221; button_alignment=&#8221;right&#8221; module_class=&#8221;job-button&#8221; _builder_version=&#8221;4.4.6&#8243; custom_button=&#8221;on&#8221; button_bg_color=&#8221;#349ed4&#8243; button_border_width=&#8221;0px&#8221; button_border_color=&#8221;#349ed4&#8243; background_layout=&#8221;dark&#8221; custom_margin=&#8221;15px||||false|false&#8221;][\/et_pb_button][\/et_pb_column][\/et_pb_row][\/et_pb_section]\n","protected":false},"excerpt":{"rendered":"<p>KARRIERAP\u00ebrtej avancimit t\u00eb teknologjis\u00eb, suksesi i nj\u00eb kompanie varet nga aft\u00ebsia e burimeve njer\u00ebzore. Nj\u00ebr\u00ebzit gjithnj\u00eb jan\u00eb kapitali m\u00eb i \u00e7muar i nj\u00eb biznesi dhe fuqia e grupit \u00ebsht\u00eb e paz\u00ebvend\u00ebsueshme. Suksesi arrihet at\u00ebher\u00eb kur kultura e nj\u00eb kompanie inkurajon zhvillimin, rritjen e m\u00ebtejshme, promovimin, inovacionin. Parimet m\u00eb t\u00eb r\u00ebnd\u00ebsishme n\u00eb Albgroup jan\u00eb respekti p\u00ebr [&hellip;]<\/p>\n","protected":false},"author":1,"featured_media":0,"parent":0,"menu_order":0,"comment_status":"closed","ping_status":"closed","template":"","meta":{"_et_pb_use_builder":"on","_et_pb_old_content":"","_et_gb_content_width":"","footnotes":""},"class_list":["post-38","page","type-page","status-publish","hentry"],"yoast_head":"<!-- This site is optimized with the Yoast SEO plugin v27.4 - https:\/\/yoast.com\/product\/yoast-seo-wordpress\/ -->\n<title>Karriera - AlbGroup<\/title>\n<meta name=\"description\" content=\"Albgroup ofron mund\u00ebsi pun\u00ebsimi dhe mund\u00ebsi intership pran\u00eb kompanive t\u00eb saj. Aplikoni\" \/>\n<meta name=\"robots\" content=\"index, follow, max-snippet:-1, max-image-preview:large, max-video-preview:-1\" \/>\n<link rel=\"canonical\" href=\"https:\/\/albgroup.al\/en\/karriera\/\" \/>\n<meta property=\"og:locale\" content=\"en_US\" \/>\n<meta property=\"og:type\" content=\"article\" \/>\n<meta property=\"og:title\" content=\"Karriera - AlbGroup\" \/>\n<meta property=\"og:description\" content=\"Albgroup ofron mund\u00ebsi pun\u00ebsimi dhe mund\u00ebsi intership pran\u00eb kompanive t\u00eb saj. Aplikoni\" \/>\n<meta property=\"og:url\" content=\"https:\/\/albgroup.al\/en\/karriera\/\" \/>\n<meta property=\"og:site_name\" content=\"AlbGroup\" \/>\n<meta property=\"article:publisher\" content=\"https:\/\/www.facebook.com\/AlbGroup1\" \/>\n<meta property=\"article:modified_time\" content=\"2022-01-18T09:36:41+00:00\" \/>\n<meta name=\"twitter:card\" content=\"summary_large_image\" \/>\n<meta name=\"twitter:label1\" content=\"Est. reading time\" \/>\n\t<meta name=\"twitter:data1\" content=\"2 minutes\" \/>\n<script type=\"application\/ld+json\" class=\"yoast-schema-graph\">{\"@context\":\"https:\\\/\\\/schema.org\",\"@graph\":[{\"@type\":\"WebPage\",\"@id\":\"https:\\\/\\\/albgroup.al\\\/karriera\\\/\",\"url\":\"https:\\\/\\\/albgroup.al\\\/karriera\\\/\",\"name\":\"Karriera - AlbGroup\",\"isPartOf\":{\"@id\":\"https:\\\/\\\/albgroup.al\\\/#website\"},\"datePublished\":\"2020-03-29T13:50:54+00:00\",\"dateModified\":\"2022-01-18T09:36:41+00:00\",\"description\":\"Albgroup ofron mund\u00ebsi pun\u00ebsimi dhe mund\u00ebsi intership pran\u00eb kompanive t\u00eb saj. Aplikoni\",\"breadcrumb\":{\"@id\":\"https:\\\/\\\/albgroup.al\\\/karriera\\\/#breadcrumb\"},\"inLanguage\":\"en-US\",\"potentialAction\":[{\"@type\":\"ReadAction\",\"target\":[\"https:\\\/\\\/albgroup.al\\\/karriera\\\/\"]}]},{\"@type\":\"BreadcrumbList\",\"@id\":\"https:\\\/\\\/albgroup.al\\\/karriera\\\/#breadcrumb\",\"itemListElement\":[{\"@type\":\"ListItem\",\"position\":1,\"name\":\"Home\",\"item\":\"https:\\\/\\\/albgroup.al\\\/\"},{\"@type\":\"ListItem\",\"position\":2,\"name\":\"Karriera\"}]},{\"@type\":\"WebSite\",\"@id\":\"https:\\\/\\\/albgroup.al\\\/#website\",\"url\":\"https:\\\/\\\/albgroup.al\\\/\",\"name\":\"AlbGroup\",\"description\":\"Home\",\"publisher\":{\"@id\":\"https:\\\/\\\/albgroup.al\\\/#organization\"},\"potentialAction\":[{\"@type\":\"SearchAction\",\"target\":{\"@type\":\"EntryPoint\",\"urlTemplate\":\"https:\\\/\\\/albgroup.al\\\/?s={search_term_string}\"},\"query-input\":{\"@type\":\"PropertyValueSpecification\",\"valueRequired\":true,\"valueName\":\"search_term_string\"}}],\"inLanguage\":\"en-US\"},{\"@type\":\"Organization\",\"@id\":\"https:\\\/\\\/albgroup.al\\\/#organization\",\"name\":\"AlbGroup\",\"url\":\"https:\\\/\\\/albgroup.al\\\/\",\"logo\":{\"@type\":\"ImageObject\",\"inLanguage\":\"en-US\",\"@id\":\"https:\\\/\\\/albgroup.al\\\/#\\\/schema\\\/logo\\\/image\\\/\",\"url\":\"https:\\\/\\\/albgroup.al\\\/wp-content\\\/uploads\\\/2020\\\/05\\\/LOGO-ME-NGJYRA-01-copy.png\",\"contentUrl\":\"https:\\\/\\\/albgroup.al\\\/wp-content\\\/uploads\\\/2020\\\/05\\\/LOGO-ME-NGJYRA-01-copy.png\",\"width\":761,\"height\":269,\"caption\":\"AlbGroup\"},\"image\":{\"@id\":\"https:\\\/\\\/albgroup.al\\\/#\\\/schema\\\/logo\\\/image\\\/\"},\"sameAs\":[\"https:\\\/\\\/www.facebook.com\\\/AlbGroup1\",\"https:\\\/\\\/www.instagram.com\\\/albgroup_\\\/?hl=en\",\"https:\\\/\\\/www.youtube.com\\\/channel\\\/UCv5mUVjCZqffaEfLHsrFTdQ\"]}]}<\/script>\n<!-- \/ Yoast SEO plugin. -->","yoast_head_json":{"title":"Karriera - AlbGroup","description":"Albgroup ofron mund\u00ebsi pun\u00ebsimi dhe mund\u00ebsi intership pran\u00eb kompanive t\u00eb saj. Aplikoni","robots":{"index":"index","follow":"follow","max-snippet":"max-snippet:-1","max-image-preview":"max-image-preview:large","max-video-preview":"max-video-preview:-1"},"canonical":"https:\/\/albgroup.al\/en\/karriera\/","og_locale":"en_US","og_type":"article","og_title":"Karriera - AlbGroup","og_description":"Albgroup ofron mund\u00ebsi pun\u00ebsimi dhe mund\u00ebsi intership pran\u00eb kompanive t\u00eb saj. Aplikoni","og_url":"https:\/\/albgroup.al\/en\/karriera\/","og_site_name":"AlbGroup","article_publisher":"https:\/\/www.facebook.com\/AlbGroup1","article_modified_time":"2022-01-18T09:36:41+00:00","twitter_card":"summary_large_image","twitter_misc":{"Est. reading time":"2 minutes"},"schema":{"@context":"https:\/\/schema.org","@graph":[{"@type":"WebPage","@id":"https:\/\/albgroup.al\/karriera\/","url":"https:\/\/albgroup.al\/karriera\/","name":"Karriera - AlbGroup","isPartOf":{"@id":"https:\/\/albgroup.al\/#website"},"datePublished":"2020-03-29T13:50:54+00:00","dateModified":"2022-01-18T09:36:41+00:00","description":"Albgroup ofron mund\u00ebsi pun\u00ebsimi dhe mund\u00ebsi intership pran\u00eb kompanive t\u00eb saj. Aplikoni","breadcrumb":{"@id":"https:\/\/albgroup.al\/karriera\/#breadcrumb"},"inLanguage":"en-US","potentialAction":[{"@type":"ReadAction","target":["https:\/\/albgroup.al\/karriera\/"]}]},{"@type":"BreadcrumbList","@id":"https:\/\/albgroup.al\/karriera\/#breadcrumb","itemListElement":[{"@type":"ListItem","position":1,"name":"Home","item":"https:\/\/albgroup.al\/"},{"@type":"ListItem","position":2,"name":"Karriera"}]},{"@type":"WebSite","@id":"https:\/\/albgroup.al\/#website","url":"https:\/\/albgroup.al\/","name":"AlbGroup","description":"Home","publisher":{"@id":"https:\/\/albgroup.al\/#organization"},"potentialAction":[{"@type":"SearchAction","target":{"@type":"EntryPoint","urlTemplate":"https:\/\/albgroup.al\/?s={search_term_string}"},"query-input":{"@type":"PropertyValueSpecification","valueRequired":true,"valueName":"search_term_string"}}],"inLanguage":"en-US"},{"@type":"Organization","@id":"https:\/\/albgroup.al\/#organization","name":"AlbGroup","url":"https:\/\/albgroup.al\/","logo":{"@type":"ImageObject","inLanguage":"en-US","@id":"https:\/\/albgroup.al\/#\/schema\/logo\/image\/","url":"https:\/\/albgroup.al\/wp-content\/uploads\/2020\/05\/LOGO-ME-NGJYRA-01-copy.png","contentUrl":"https:\/\/albgroup.al\/wp-content\/uploads\/2020\/05\/LOGO-ME-NGJYRA-01-copy.png","width":761,"height":269,"caption":"AlbGroup"},"image":{"@id":"https:\/\/albgroup.al\/#\/schema\/logo\/image\/"},"sameAs":["https:\/\/www.facebook.com\/AlbGroup1","https:\/\/www.instagram.com\/albgroup_\/?hl=en","https:\/\/www.youtube.com\/channel\/UCv5mUVjCZqffaEfLHsrFTdQ"]}]}},"_links":{"self":[{"href":"https:\/\/albgroup.al\/en\/wp-json\/wp\/v2\/pages\/38","targetHints":{"allow":["GET"]}}],"collection":[{"href":"https:\/\/albgroup.al\/en\/wp-json\/wp\/v2\/pages"}],"about":[{"href":"https:\/\/albgroup.al\/en\/wp-json\/wp\/v2\/types\/page"}],"author":[{"embeddable":true,"href":"https:\/\/albgroup.al\/en\/wp-json\/wp\/v2\/users\/1"}],"replies":[{"embeddable":true,"href":"https:\/\/albgroup.al\/en\/wp-json\/wp\/v2\/comments?post=38"}],"version-history":[{"count":1,"href":"https:\/\/albgroup.al\/en\/wp-json\/wp\/v2\/pages\/38\/revisions"}],"predecessor-version":[{"id":3542,"href":"https:\/\/albgroup.al\/en\/wp-json\/wp\/v2\/pages\/38\/revisions\/3542"}],"wp:attachment":[{"href":"https:\/\/albgroup.al\/en\/wp-json\/wp\/v2\/media?parent=38"}],"curies":[{"name":"wp","href":"https:\/\/api.w.org\/{rel}","templated":true}]}}