{"id":24,"date":"2020-03-29T13:48:18","date_gmt":"2020-03-29T13:48:18","guid":{"rendered":"https:\/\/albgroup.al\/?page_id=24"},"modified":"2022-01-28T11:50:47","modified_gmt":"2022-01-28T09:50:47","slug":"rreth-alb-group","status":"publish","type":"page","link":"https:\/\/albgroup.al\/en\/rreth-alb-group\/","title":{"rendered":"About Albgroup"},"content":{"rendered":"<p>[et_pb_section fb_built=&#8221;1&#8243; custom_padding_last_edited=&#8221;on|phone&#8221; _builder_version=&#8221;4.4.6&#8243; background_color=&#8221;rgba(0,0,0,0.38)&#8221; background_image=&#8221;https:\/\/albgroup.al\/wp-content\/uploads\/2020\/08\/baner-kryesor-copy.jpg&#8221; background_blend=&#8221;overlay&#8221; custom_padding=&#8221;200px||200px||false|false&#8221; custom_padding_tablet=&#8221;100px||100px||false|false&#8221; custom_padding_phone=&#8221;&#8221; custom_css_main_element=&#8221;background-position:50% 40%;&#8221; global_colors_info=&#8221;{}&#8221;][et_pb_row _builder_version=&#8221;4.4.6&#8243; global_colors_info=&#8221;{}&#8221;][et_pb_column type=&#8221;4_4&#8243; _builder_version=&#8221;4.4.6&#8243; global_colors_info=&#8221;{}&#8221;][et_pb_text _builder_version=&#8221;4.4.6&#8243; header_font=&#8221;|||on|||||&#8221; text_orientation=&#8221;center&#8221; background_layout=&#8221;dark&#8221; width=&#8221;39%&#8221; width_tablet=&#8221;100%&#8221; width_phone=&#8221;&#8221; width_last_edited=&#8221;on|phone&#8221; module_alignment=&#8221;center&#8221; custom_padding=&#8221;10px||||false|false&#8221; header_font_size_tablet=&#8221;&#8221; header_font_size_phone=&#8221;22px&#8221; header_font_size_last_edited=&#8221;on|phone&#8221; border_width_all=&#8221;5px&#8221; border_color_all=&#8221;rgba(216,216,216,0.21)&#8221; global_colors_info=&#8221;{}&#8221;]<\/p>\n<h1>Rreth AlbGroup<\/h1>\n<p>[\/et_pb_text][\/et_pb_column][\/et_pb_row][\/et_pb_section][et_pb_section fb_built=&#8221;1&#8243; _builder_version=&#8221;4.4.3&#8243; background_enable_image=&#8221;off&#8221; custom_padding=&#8221;||6px|||&#8221; global_colors_info=&#8221;{}&#8221;][et_pb_row column_structure=&#8221;1_2,1_2&#8243; _builder_version=&#8221;4.4.6&#8243; max_width=&#8221;70%&#8221; custom_padding=&#8221;||0px|||&#8221; global_colors_info=&#8221;{}&#8221;][et_pb_column type=&#8221;1_2&#8243; _builder_version=&#8221;4.4.3&#8243; background_enable_image=&#8221;off&#8221; custom_padding=&#8221;||||true|false&#8221; global_colors_info=&#8221;{}&#8221;][et_pb_image src=&#8221;https:\/\/albgroup.al\/wp-content\/uploads\/2020\/06\/Rreth-Alb-Group-copy-1.jpg&#8221; title_text=&#8221;Rreth Alb Group copy&#8221; _builder_version=&#8221;4.4.6&#8243; custom_margin=&#8221;||||false|false&#8221; custom_margin_tablet=&#8221;0px||||false|false&#8221; custom_margin_phone=&#8221;0px||||false|false&#8221; custom_margin_last_edited=&#8221;on|tablet&#8221; custom_padding=&#8221;0px||0px||true|false&#8221; border_radii=&#8221;on|10px|10px|10px|10px&#8221; global_colors_info=&#8221;{}&#8221;][\/et_pb_image][\/et_pb_column][et_pb_column type=&#8221;1_2&#8243; _builder_version=&#8221;4.4.6&#8243; custom_padding=&#8221;||||true|false&#8221; global_colors_info=&#8221;{}&#8221;][et_pb_text _builder_version=&#8221;4.4.6&#8243; width=&#8221;40%&#8221; width_tablet=&#8221;&#8221; width_phone=&#8221;80%&#8221; width_last_edited=&#8221;on|phone&#8221; custom_padding=&#8221;10px|20px|10px|20px|true|true&#8221; border_color_all=&#8221;#89cbf8&#8243; border_width_bottom=&#8221;4px&#8221; border_color_bottom=&#8221;#349ED4&#8243; border_width_left=&#8221;4px&#8221; border_color_left=&#8221;#349ed4&#8243; global_colors_info=&#8221;{}&#8221;]<\/p>\n<h3>AlbGroup<\/h3>\n<p>[\/et_pb_text][et_pb_text _builder_version=&#8221;4.14.7&#8243; global_colors_info=&#8221;{}&#8221;]<\/p>\n<p>Puna e nj\u00eb skuadre t\u00eb p\u00ebrkushtuar, sh\u00ebrbimi ndaj qindra klient\u00ebve, besimi i shum\u00eb furnitor\u00ebve dhe partner\u00ebve nd\u00ebrkomb\u00ebtar\u00eb, pasioni p\u00ebr t\u00eb kontribuar gjithnj\u00eb n\u00eb zhvillimin e 4 kompanive aktuale u pag\u00ebzua me emrin AlbGroup. Albgroup p\u00ebrfshin n\u00ebn emrin e tij 4 kompani dhe eksperienc\u00eb n\u00eb m\u00eb shum\u00eb se 9 viteve n\u00eb sip\u00ebrmarrje p\u00ebr sektorin e pastrimit, higjenizimit, distribucionit, teknologjis\u00eb dhe turizmit. Albpastrim, Albsolution, Albacademy, Albooker kane sjell\u00eb n\u00eb tregun shqiptar sh\u00ebrbime dhe produkte inovative p\u00ebr koh\u00ebn, kan\u00eb edukuar tregun dhe konsumatorin duke synuar t\u00eb jen\u00eb lider n\u00eb sektorin e tyre. P\u00ebrmes kompanive t\u00eb Albgroup jemi p\u00ebrpjekur t\u00eb ndikojm\u00eb n\u00eb p\u00ebrmir\u00ebsimin e kushteve t\u00eb jetes\u00ebs dhe pun\u00ebs t\u00eb klient\u00ebve tan\u00eb, jemi p\u00ebrpjekur t\u00eb ndikojm\u00eb n\u00eb zhvillimin e p\u00ebrgjithsh\u00ebm t\u00eb komunitetit, duke ofruar nj\u00eb gam\u00eb t\u00eb gj\u00ebr\u00eb produkti dhe sh\u00ebrbimi p\u00ebr \u00e7do industri.<\/p>\n<p>[\/et_pb_text][\/et_pb_column][\/et_pb_row][\/et_pb_section][et_pb_section fb_built=&#8221;1&#8243; _builder_version=&#8221;4.14.6&#8243; _module_preset=&#8221;default&#8221; global_colors_info=&#8221;{}&#8221;][et_pb_row column_structure=&#8221;1_3,1_3,1_3&#8243; use_custom_gutter=&#8221;on&#8221; make_equal=&#8221;on&#8221; _builder_version=&#8221;4.14.6&#8243; _module_preset=&#8221;default&#8221; background_color=&#8221;#FFFFFF&#8221; global_colors_info=&#8221;{}&#8221;][et_pb_column type=&#8221;1_3&#8243; _builder_version=&#8221;4.14.6&#8243; _module_preset=&#8221;default&#8221; global_colors_info=&#8221;{}&#8221;][et_pb_icon font_icon=&#8221;&#xf06e;||fa||900&#8243; _builder_version=&#8221;4.14.6&#8243; _module_preset=&#8221;default&#8221; global_colors_info=&#8221;{}&#8221;][\/et_pb_icon][et_pb_text _builder_version=&#8221;4.14.6&#8243; _module_preset=&#8221;default&#8221; global_colors_info=&#8221;{}&#8221;]<\/p>\n<h2 style=\"color: #349ed4; text-align: center;\"><strong>Vizioni<\/strong><\/h2>\n<p>AlbGroup \u00ebsht\u00eb nj\u00eb organizat\u00eb q\u00eb synon t\u00eb krijoj\u00eb zgjidhje p\u00ebr nj\u00eb s\u00ebr\u00eb biznesesh t\u00eb idustrive t\u00eb ndryshme. Ne nuk jemi thjesht\u00eb nj\u00eb imazh i arrir\u00eb por jemi dhe pasqyra\u00a0 p\u00ebr tu b\u00ebr\u00eb shum\u00eb m\u00eb shum\u00eb.<\/p>\n<p>[\/et_pb_text][\/et_pb_column][et_pb_column type=&#8221;1_3&#8243; _builder_version=&#8221;4.14.6&#8243; _module_preset=&#8221;default&#8221; global_colors_info=&#8221;{}&#8221;][et_pb_icon font_icon=&#8221;&#xf3fe;||fa||400&#8243; _builder_version=&#8221;4.14.6&#8243; _module_preset=&#8221;default&#8221; global_colors_info=&#8221;{}&#8221;][\/et_pb_icon][et_pb_text _builder_version=&#8221;4.14.6&#8243; _module_preset=&#8221;default&#8221; global_colors_info=&#8221;{}&#8221;]<\/p>\n<h2 style=\"color: #349ed4; text-align: center;\">Misioni<\/h2>\n<p><span>Ne p\u00ebrshtatemi me nevojat tuaja dhe transformimin e vazhduesh\u00ebm.\u00a0<\/span><span>Cilado qoft\u00eb industria, cilido vend, ne jemi atje p\u00ebr t\u00eb rritur suksesin tuaj.<\/span><\/p>\n<p>[\/et_pb_text][\/et_pb_column][et_pb_column type=&#8221;1_3&#8243; _builder_version=&#8221;4.14.6&#8243; _module_preset=&#8221;default&#8221; global_colors_info=&#8221;{}&#8221;][et_pb_icon font_icon=&#8221;&#xf3a5;||fa||400&#8243; _builder_version=&#8221;4.14.6&#8243; _module_preset=&#8221;default&#8221; global_colors_info=&#8221;{}&#8221;][\/et_pb_icon][et_pb_text _builder_version=&#8221;4.14.7&#8243; _module_preset=&#8221;default&#8221; hover_enabled=&#8221;0&#8243; global_colors_info=&#8221;{}&#8221; sticky_enabled=&#8221;0&#8243;]<\/p>\n<h2 style=\"color: #349ed4; text-align: center;\"><strong>Vlerat<\/strong><\/h2>\n<p><span>E kemi nd\u00ebrtuar biznesin ton\u00eb mbi aft\u00ebsit\u00eb e punonj\u00ebsve tan\u00eb, partneriteteve dhe guximit p\u00ebr tu p\u00ebrballur me sfidat. N\u00eb AlbGroup mund\u00ebsit\u00eb p\u00ebr progress jan\u00eb t\u00eb lidhura ngusht\u00eb vecan\u00ebrisht me cil\u00ebsin\u00eb e menaxhimit dhe ne kemi m\u00ebsuar sesi t\u00eb menaxhojme s\u00eb bashku.<\/span><\/p>\n<p>[\/et_pb_text][\/et_pb_column][\/et_pb_row][\/et_pb_section][et_pb_section fb_built=&#8221;1&#8243; _builder_version=&#8221;4.4.2&#8243; locked=&#8221;off&#8221; global_colors_info=&#8221;{}&#8221;][et_pb_row _builder_version=&#8221;4.4.2&#8243; locked=&#8221;off&#8221; global_colors_info=&#8221;{}&#8221;][et_pb_column type=&#8221;4_4&#8243; _builder_version=&#8221;4.4.2&#8243; global_colors_info=&#8221;{}&#8221;][et_pb_text _builder_version=&#8221;4.4.6&#8243; header_3_font_size=&#8221;43px&#8221; text_orientation=&#8221;center&#8221; width=&#8221;100%&#8221; module_alignment=&#8221;center&#8221; custom_padding=&#8221;||||false|false&#8221; animation_style=&#8221;zoom&#8221; header_3_font_size_tablet=&#8221;&#8221; header_3_font_size_phone=&#8221;30px&#8221; header_3_font_size_last_edited=&#8221;on|phone&#8221; border_color_all=&#8221;#349ed4&#8243; global_colors_info=&#8221;{}&#8221;]<\/p>\n<h3 style=\"color: #349ed4;\">Historiku nd\u00ebr vite<\/h3>\n<p><img decoding=\"async\" style=\"margin-top: -14px;\" src=\"https:\/\/albgroup.al\/wp-content\/uploads\/2020\/05\/logowithborder-1.png\" width=\"269\" height=\"87\" alt=\"\" class=\"wp-image-1948 alignnone size-full\" \/><\/p>\n<p>[\/et_pb_text][\/et_pb_column][\/et_pb_row][et_pb_row column_structure=&#8221;1_2,1_2&#8243; _builder_version=&#8221;4.4.2&#8243; global_colors_info=&#8221;{}&#8221;][et_pb_column type=&#8221;1_2&#8243; _builder_version=&#8221;4.4.2&#8243; global_colors_info=&#8221;{}&#8221;][et_pb_image src=&#8221;https:\/\/albgroup.al\/wp-content\/uploads\/2020\/08\/historiku-ne-home-copy.jpg&#8221; title_text=&#8221;historiku ne home copy&#8221; url=&#8221;https:\/\/albgroup.al\/historiku\/&#8221; _builder_version=&#8221;4.4.6&#8243; width=&#8221;59%&#8221; module_alignment=&#8221;center&#8221; border_radii=&#8221;on|500px|500px|500px|500px&#8221; box_shadow_style=&#8221;preset1&#8243; global_colors_info=&#8221;{}&#8221;][\/et_pb_image][\/et_pb_column][et_pb_column type=&#8221;1_2&#8243; _builder_version=&#8221;4.4.2&#8243; global_colors_info=&#8221;{}&#8221;][et_pb_text _builder_version=&#8221;4.14.7&#8243; custom_margin=&#8221;50px||||false|false&#8221; locked=&#8221;off&#8221; global_colors_info=&#8221;{}&#8221;]<\/p>\n<p>2020 \u2013 Albooker<br \/>Nj\u00eb platform\u00eb e re p\u00ebr tregun Shqiptar, Albooker e cila ju vjen n\u00eb ndihm\u00eb t\u00eb gjith\u00eb pronar\u00ebve t\u00eb apartamenteve apo hoteleve por dhe t\u00eb gjith\u00eb vizitor\u00ebve nga gjith\u00eb bota. Duke p\u00ebrdorur njohuri, p\u00ebrvoj\u00eb dhe inovacion, vizioni i Albooker-it \u00ebsht\u00eb t\u00eb b\u00ebhet nj\u00eb nga agjencit\u00eb kryesore t\u00eb qirave t\u00eb pushimeve n\u00eb Shqip\u00ebri&#8230;<\/p>\n<p>[\/et_pb_text][et_pb_button button_url=&#8221;https:\/\/albgroup.al\/historiku\/&#8221; button_text=&#8221;Shiko m\u00eb shum\u00eb&#8221; _builder_version=&#8221;4.13.0&#8243; custom_button=&#8221;on&#8221; button_text_color=&#8221;#349ed4&#8243; button_border_width=&#8221;0px&#8221; button_icon=&#8221;&#x2b;||divi||400&#8243; button_on_hover=&#8221;off&#8221; locked=&#8221;off&#8221; global_colors_info=&#8221;{}&#8221; button_bg_color__hover_enabled=&#8221;on|hover&#8221; button_bg_color__hover=&#8221;rgba(0,0,0,0)&#8221; button_bg_enable_color__hover=&#8221;on&#8221; button_text_color__hover=&#8221;#005499&#8243; button_text_color__hover_enabled=&#8221;on|desktop&#8221;][\/et_pb_button][\/et_pb_column][\/et_pb_row][\/et_pb_section][et_pb_section fb_built=&#8221;1&#8243; _builder_version=&#8221;4.9.7&#8243; _module_preset=&#8221;default&#8221; global_colors_info=&#8221;{}&#8221;][et_pb_row use_custom_gutter=&#8221;on&#8221; _builder_version=&#8221;4.14.6&#8243; _module_preset=&#8221;default&#8221; global_colors_info=&#8221;{}&#8221;][et_pb_column type=&#8221;4_4&#8243; _builder_version=&#8221;4.9.7&#8243; _module_preset=&#8221;default&#8221; global_colors_info=&#8221;{}&#8221;][et_pb_gallery gallery_ids=&#8221;3407,3406,3405,3404,3403,3402,3401,3400,3399,3398,3397,3396,3395,3394,3391,3389&#8243; show_title_and_caption=&#8221;off&#8221; _builder_version=&#8221;4.13.0&#8243; _module_preset=&#8221;default&#8221; global_colors_info=&#8221;{}&#8221;][\/et_pb_gallery][\/et_pb_column][\/et_pb_row][\/et_pb_section]<\/p>\n","protected":false},"excerpt":{"rendered":"<p>Rreth AlbGroupAlbGroupPuna e nj\u00eb skuadre t\u00eb p\u00ebrkushtuar, sh\u00ebrbimi ndaj qindra klient\u00ebve, besimi i shum\u00eb furnitor\u00ebve dhe partner\u00ebve nd\u00ebrkomb\u00ebtar\u00eb, pasioni p\u00ebr t\u00eb kontribuar gjithnj\u00eb n\u00eb zhvillimin e 4 kompanive aktuale u pag\u00ebzua me emrin AlbGroup. Albgroup p\u00ebrfshin n\u00ebn emrin e tij 4 kompani dhe eksperienc\u00eb n\u00eb m\u00eb shum\u00eb se 9 viteve n\u00eb sip\u00ebrmarrje p\u00ebr sektorin e [&hellip;]<\/p>\n","protected":false},"author":1,"featured_media":0,"parent":0,"menu_order":0,"comment_status":"closed","ping_status":"closed","template":"","meta":{"_et_pb_use_builder":"on","_et_pb_old_content":"","_et_gb_content_width":"","footnotes":""},"class_list":["post-24","page","type-page","status-publish","hentry"],"yoast_head":"<!-- This site is optimized with the Yoast SEO plugin v27.5 - https:\/\/yoast.com\/product\/yoast-seo-wordpress\/ -->\n<title>Rreth AlbGroup<\/title>\n<meta name=\"description\" content=\"Albgroup \u00ebsht\u00eb nj\u00eb kompani e cila ka n\u00eb administrim disa kompani t\u00eb tjera n\u00eb sektorin e pastrimit, higjen\u00ebs, teknologjis\u00eb dhe agjensis\u00eb.\" \/>\n<meta name=\"robots\" content=\"index, follow, max-snippet:-1, max-image-preview:large, max-video-preview:-1\" \/>\n<link rel=\"canonical\" href=\"https:\/\/albgroup.al\/en\/rreth-alb-group\/\" \/>\n<meta property=\"og:locale\" content=\"en_US\" \/>\n<meta property=\"og:type\" content=\"article\" \/>\n<meta property=\"og:title\" content=\"Rreth AlbGroup\" \/>\n<meta property=\"og:description\" content=\"Albgroup \u00ebsht\u00eb nj\u00eb kompani e cila ka n\u00eb administrim disa kompani t\u00eb tjera n\u00eb sektorin e pastrimit, higjen\u00ebs, teknologjis\u00eb dhe agjensis\u00eb.\" \/>\n<meta property=\"og:url\" content=\"https:\/\/albgroup.al\/en\/rreth-alb-group\/\" \/>\n<meta property=\"og:site_name\" content=\"AlbGroup\" \/>\n<meta property=\"article:publisher\" content=\"https:\/\/www.facebook.com\/AlbGroup1\" \/>\n<meta property=\"article:modified_time\" content=\"2022-01-28T09:50:47+00:00\" \/>\n<meta property=\"og:image\" content=\"https:\/\/albgroup.al\/wp-content\/uploads\/2020\/05\/logowithborder-1.png\" \/>\n<meta name=\"twitter:card\" content=\"summary_large_image\" \/>\n<meta name=\"twitter:label1\" content=\"Est. reading time\" \/>\n\t<meta name=\"twitter:data1\" content=\"2 minutes\" \/>\n<script type=\"application\/ld+json\" class=\"yoast-schema-graph\">{\"@context\":\"https:\\\/\\\/schema.org\",\"@graph\":[{\"@type\":\"WebPage\",\"@id\":\"https:\\\/\\\/albgroup.al\\\/rreth-alb-group\\\/\",\"url\":\"https:\\\/\\\/albgroup.al\\\/rreth-alb-group\\\/\",\"name\":\"Rreth AlbGroup\",\"isPartOf\":{\"@id\":\"https:\\\/\\\/albgroup.al\\\/#website\"},\"primaryImageOfPage\":{\"@id\":\"https:\\\/\\\/albgroup.al\\\/rreth-alb-group\\\/#primaryimage\"},\"image\":{\"@id\":\"https:\\\/\\\/albgroup.al\\\/rreth-alb-group\\\/#primaryimage\"},\"thumbnailUrl\":\"https:\\\/\\\/albgroup.al\\\/wp-content\\\/uploads\\\/2020\\\/05\\\/logowithborder-1.png\",\"datePublished\":\"2020-03-29T13:48:18+00:00\",\"dateModified\":\"2022-01-28T09:50:47+00:00\",\"description\":\"Albgroup \u00ebsht\u00eb nj\u00eb kompani e cila ka n\u00eb administrim disa kompani t\u00eb tjera n\u00eb sektorin e pastrimit, higjen\u00ebs, teknologjis\u00eb dhe agjensis\u00eb.\",\"breadcrumb\":{\"@id\":\"https:\\\/\\\/albgroup.al\\\/rreth-alb-group\\\/#breadcrumb\"},\"inLanguage\":\"en-US\",\"potentialAction\":[{\"@type\":\"ReadAction\",\"target\":[\"https:\\\/\\\/albgroup.al\\\/rreth-alb-group\\\/\"]}]},{\"@type\":\"ImageObject\",\"inLanguage\":\"en-US\",\"@id\":\"https:\\\/\\\/albgroup.al\\\/rreth-alb-group\\\/#primaryimage\",\"url\":\"https:\\\/\\\/albgroup.al\\\/wp-content\\\/uploads\\\/2020\\\/05\\\/logowithborder-1.png\",\"contentUrl\":\"https:\\\/\\\/albgroup.al\\\/wp-content\\\/uploads\\\/2020\\\/05\\\/logowithborder-1.png\"},{\"@type\":\"BreadcrumbList\",\"@id\":\"https:\\\/\\\/albgroup.al\\\/rreth-alb-group\\\/#breadcrumb\",\"itemListElement\":[{\"@type\":\"ListItem\",\"position\":1,\"name\":\"Home\",\"item\":\"https:\\\/\\\/albgroup.al\\\/\"},{\"@type\":\"ListItem\",\"position\":2,\"name\":\"Rreth AlbGroup\"}]},{\"@type\":\"WebSite\",\"@id\":\"https:\\\/\\\/albgroup.al\\\/#website\",\"url\":\"https:\\\/\\\/albgroup.al\\\/\",\"name\":\"AlbGroup\",\"description\":\"Home\",\"publisher\":{\"@id\":\"https:\\\/\\\/albgroup.al\\\/#organization\"},\"potentialAction\":[{\"@type\":\"SearchAction\",\"target\":{\"@type\":\"EntryPoint\",\"urlTemplate\":\"https:\\\/\\\/albgroup.al\\\/?s={search_term_string}\"},\"query-input\":{\"@type\":\"PropertyValueSpecification\",\"valueRequired\":true,\"valueName\":\"search_term_string\"}}],\"inLanguage\":\"en-US\"},{\"@type\":\"Organization\",\"@id\":\"https:\\\/\\\/albgroup.al\\\/#organization\",\"name\":\"AlbGroup\",\"url\":\"https:\\\/\\\/albgroup.al\\\/\",\"logo\":{\"@type\":\"ImageObject\",\"inLanguage\":\"en-US\",\"@id\":\"https:\\\/\\\/albgroup.al\\\/#\\\/schema\\\/logo\\\/image\\\/\",\"url\":\"https:\\\/\\\/albgroup.al\\\/wp-content\\\/uploads\\\/2020\\\/05\\\/LOGO-ME-NGJYRA-01-copy.png\",\"contentUrl\":\"https:\\\/\\\/albgroup.al\\\/wp-content\\\/uploads\\\/2020\\\/05\\\/LOGO-ME-NGJYRA-01-copy.png\",\"width\":761,\"height\":269,\"caption\":\"AlbGroup\"},\"image\":{\"@id\":\"https:\\\/\\\/albgroup.al\\\/#\\\/schema\\\/logo\\\/image\\\/\"},\"sameAs\":[\"https:\\\/\\\/www.facebook.com\\\/AlbGroup1\",\"https:\\\/\\\/www.instagram.com\\\/albgroup_\\\/?hl=en\",\"https:\\\/\\\/www.youtube.com\\\/channel\\\/UCv5mUVjCZqffaEfLHsrFTdQ\"]}]}<\/script>\n<!-- \/ Yoast SEO plugin. -->","yoast_head_json":{"title":"About Albgroup","description":"Albgroup \u00ebsht\u00eb nj\u00eb kompani e cila ka n\u00eb administrim disa kompani t\u00eb tjera n\u00eb sektorin e pastrimit, higjen\u00ebs, teknologjis\u00eb dhe agjensis\u00eb.","robots":{"index":"index","follow":"follow","max-snippet":"max-snippet:-1","max-image-preview":"max-image-preview:large","max-video-preview":"max-video-preview:-1"},"canonical":"https:\/\/albgroup.al\/en\/rreth-alb-group\/","og_locale":"en_US","og_type":"article","og_title":"Rreth AlbGroup","og_description":"Albgroup \u00ebsht\u00eb nj\u00eb kompani e cila ka n\u00eb administrim disa kompani t\u00eb tjera n\u00eb sektorin e pastrimit, higjen\u00ebs, teknologjis\u00eb dhe agjensis\u00eb.","og_url":"https:\/\/albgroup.al\/en\/rreth-alb-group\/","og_site_name":"AlbGroup","article_publisher":"https:\/\/www.facebook.com\/AlbGroup1","article_modified_time":"2022-01-28T09:50:47+00:00","og_image":[{"url":"https:\/\/albgroup.al\/wp-content\/uploads\/2020\/05\/logowithborder-1.png","type":"","width":"","height":""}],"twitter_card":"summary_large_image","twitter_misc":{"Est. reading time":"2 minutes"},"schema":{"@context":"https:\/\/schema.org","@graph":[{"@type":"WebPage","@id":"https:\/\/albgroup.al\/rreth-alb-group\/","url":"https:\/\/albgroup.al\/rreth-alb-group\/","name":"About Albgroup","isPartOf":{"@id":"https:\/\/albgroup.al\/#website"},"primaryImageOfPage":{"@id":"https:\/\/albgroup.al\/rreth-alb-group\/#primaryimage"},"image":{"@id":"https:\/\/albgroup.al\/rreth-alb-group\/#primaryimage"},"thumbnailUrl":"https:\/\/albgroup.al\/wp-content\/uploads\/2020\/05\/logowithborder-1.png","datePublished":"2020-03-29T13:48:18+00:00","dateModified":"2022-01-28T09:50:47+00:00","description":"Albgroup \u00ebsht\u00eb nj\u00eb kompani e cila ka n\u00eb administrim disa kompani t\u00eb tjera n\u00eb sektorin e pastrimit, higjen\u00ebs, teknologjis\u00eb dhe agjensis\u00eb.","breadcrumb":{"@id":"https:\/\/albgroup.al\/rreth-alb-group\/#breadcrumb"},"inLanguage":"en-US","potentialAction":[{"@type":"ReadAction","target":["https:\/\/albgroup.al\/rreth-alb-group\/"]}]},{"@type":"ImageObject","inLanguage":"en-US","@id":"https:\/\/albgroup.al\/rreth-alb-group\/#primaryimage","url":"https:\/\/albgroup.al\/wp-content\/uploads\/2020\/05\/logowithborder-1.png","contentUrl":"https:\/\/albgroup.al\/wp-content\/uploads\/2020\/05\/logowithborder-1.png"},{"@type":"BreadcrumbList","@id":"https:\/\/albgroup.al\/rreth-alb-group\/#breadcrumb","itemListElement":[{"@type":"ListItem","position":1,"name":"Home","item":"https:\/\/albgroup.al\/"},{"@type":"ListItem","position":2,"name":"Rreth AlbGroup"}]},{"@type":"WebSite","@id":"https:\/\/albgroup.al\/#website","url":"https:\/\/albgroup.al\/","name":"AlbGroup","description":"Home","publisher":{"@id":"https:\/\/albgroup.al\/#organization"},"potentialAction":[{"@type":"SearchAction","target":{"@type":"EntryPoint","urlTemplate":"https:\/\/albgroup.al\/?s={search_term_string}"},"query-input":{"@type":"PropertyValueSpecification","valueRequired":true,"valueName":"search_term_string"}}],"inLanguage":"en-US"},{"@type":"Organization","@id":"https:\/\/albgroup.al\/#organization","name":"AlbGroup","url":"https:\/\/albgroup.al\/","logo":{"@type":"ImageObject","inLanguage":"en-US","@id":"https:\/\/albgroup.al\/#\/schema\/logo\/image\/","url":"https:\/\/albgroup.al\/wp-content\/uploads\/2020\/05\/LOGO-ME-NGJYRA-01-copy.png","contentUrl":"https:\/\/albgroup.al\/wp-content\/uploads\/2020\/05\/LOGO-ME-NGJYRA-01-copy.png","width":761,"height":269,"caption":"AlbGroup"},"image":{"@id":"https:\/\/albgroup.al\/#\/schema\/logo\/image\/"},"sameAs":["https:\/\/www.facebook.com\/AlbGroup1","https:\/\/www.instagram.com\/albgroup_\/?hl=en","https:\/\/www.youtube.com\/channel\/UCv5mUVjCZqffaEfLHsrFTdQ"]}]}},"_links":{"self":[{"href":"https:\/\/albgroup.al\/en\/wp-json\/wp\/v2\/pages\/24","targetHints":{"allow":["GET"]}}],"collection":[{"href":"https:\/\/albgroup.al\/en\/wp-json\/wp\/v2\/pages"}],"about":[{"href":"https:\/\/albgroup.al\/en\/wp-json\/wp\/v2\/types\/page"}],"author":[{"embeddable":true,"href":"https:\/\/albgroup.al\/en\/wp-json\/wp\/v2\/users\/1"}],"replies":[{"embeddable":true,"href":"https:\/\/albgroup.al\/en\/wp-json\/wp\/v2\/comments?post=24"}],"version-history":[{"count":3,"href":"https:\/\/albgroup.al\/en\/wp-json\/wp\/v2\/pages\/24\/revisions"}],"predecessor-version":[{"id":3583,"href":"https:\/\/albgroup.al\/en\/wp-json\/wp\/v2\/pages\/24\/revisions\/3583"}],"wp:attachment":[{"href":"https:\/\/albgroup.al\/en\/wp-json\/wp\/v2\/media?parent=24"}],"curies":[{"name":"wp","href":"https:\/\/api.w.org\/{rel}","templated":true}]}}