{"id":20,"date":"2020-03-29T13:47:43","date_gmt":"2020-03-29T13:47:43","guid":{"rendered":"https:\/\/albgroup.al\/?page_id=20"},"modified":"2022-01-28T10:40:22","modified_gmt":"2022-01-28T08:40:22","slug":"pergjegjesia-sociale","status":"publish","type":"page","link":"https:\/\/albgroup.al\/en\/pergjegjesia-sociale\/","title":{"rendered":"Social Responsibility"},"content":{"rendered":"<p>[et_pb_section fb_built=&#8221;1&#8243; custom_padding_last_edited=&#8221;on|tablet&#8221; _builder_version=&#8221;4.4.6&#8243; background_color=&#8221;rgba(0,0,0,0.24)&#8221; background_image=&#8221;https:\/\/albgroup.al\/wp-content\/uploads\/2020\/08\/pergjegjesia-sociale-header-copy.jpg&#8221; background_blend=&#8221;overlay&#8221; custom_padding=&#8221;200px||200px||false|false&#8221; custom_padding_tablet=&#8221;100px||||false|false&#8221; custom_padding_phone=&#8221;&#8221; custom_css_main_element=&#8221;background-position:50% 5%;&#8221; global_colors_info=&#8221;{}&#8221;][et_pb_row _builder_version=&#8221;4.4.6&#8243; global_colors_info=&#8221;{}&#8221;][et_pb_column type=&#8221;4_4&#8243; _builder_version=&#8221;4.4.6&#8243; global_colors_info=&#8221;{}&#8221;][et_pb_text _builder_version=&#8221;4.4.6&#8243; text_orientation=&#8221;center&#8221; background_layout=&#8221;dark&#8221; width=&#8221;55%&#8221; width_tablet=&#8221;100%&#8221; width_phone=&#8221;&#8221; width_last_edited=&#8221;on|tablet&#8221; module_alignment=&#8221;center&#8221; custom_padding=&#8221;10px||||false|false&#8221; border_width_all=&#8221;5px&#8221; border_color_all=&#8221;rgba(216,216,216,0.21)&#8221; global_colors_info=&#8221;{}&#8221;]<\/p>\n<h1>P\u00cbRGJEGJ\u00cbSIA SOCIALE<\/h1>\n<p>[\/et_pb_text][\/et_pb_column][\/et_pb_row][\/et_pb_section][et_pb_section fb_built=&#8221;1&#8243; _builder_version=&#8221;4.4.6&#8243; global_colors_info=&#8221;{}&#8221;][et_pb_row _builder_version=&#8221;4.4.6&#8243; max_width=&#8221;80%&#8221; global_colors_info=&#8221;{}&#8221;][et_pb_column type=&#8221;4_4&#8243; _builder_version=&#8221;4.4.3&#8243; global_colors_info=&#8221;{}&#8221;][et_pb_text _builder_version=&#8221;4.4.6&#8243; text_font_size=&#8221;16px&#8221; text_orientation=&#8221;justified&#8221; global_colors_info=&#8221;{}&#8221;]<\/p>\n<p>Albgroup synon t\u00eb jet\u00eb nj\u00eb aktor me vlera n\u00eb shoq\u00ebri, mjedis dhe komunitet. N\u00ebp\u00ebrmjet shembullit ton\u00eb synojm\u00eb t\u00eb eduktojm\u00eb breza, t\u00eb nd\u00ebrgjegj\u00ebsojm\u00eb komunitetin dhe impaktojm\u00eb n\u00eb p\u00ebrcjelljen e vlerave t\u00eb duhura p\u00ebr shoq\u00ebrin\u00eb. Produktet tona zgjidhen me kujdes p\u00ebr t\u00eb qen\u00eb eco-friendly, duke mbrojtur k\u00ebshtu mjedisin. Cil\u00ebsia \u00ebsht\u00eb parimi baz\u00eb n\u00eb Albsolution, duke ofruar vet\u00ebm brande produktesh t\u00eb cilat jan\u00eb mbrojt\u00ebse t\u00eb ambientit, nuk d\u00ebmtojn\u00eb ajrin, ofrojn\u00eb higjenizim maksimal dhe zgjasin n\u00eb koh\u00eb. N\u00eb Albpastrim synojm\u00eb t\u00eb p\u00ebrmir\u00ebsojm\u00eb cil\u00ebsin\u00eb e jetes\u00ebs s\u00eb secilit prej nesh, duke kombinuar produktin me t\u00eb mir\u00eb me teknologji bashk\u00ebkohore. Edukimi dhe rritja e kapaciteteve njer\u00ebzore jan\u00eb thelb i pun\u00ebs n\u00eb Albacademy me programe t\u00eb p\u00ebrshtatshme p\u00ebr grupe t\u00eb ndryshme. N\u00eb Albooker misioni yn\u00eb \u00ebsht\u00eb promovimi i vlerave t\u00eb vendit ton\u00eb t\u00eb bukur dhe rritja imazhit n\u00eb sektorin e turizmit.<\/p>\n<p><span style=\"font-size: 16px;\">Albgroup mb\u00ebshtet programet e p\u00ebrgjegj\u00ebsis\u00eb sociale n\u00eb tre shtylla kryesore, duke dedikuar buxhete t\u00eb ve\u00e7anta n\u00eb ofrimin e suportit p\u00ebr grupet n\u00eb nevoj\u00eb dhe realizimin e eventeve t\u00eb ndryshme nd\u00ebrgjegj\u00ebsuese.<\/span><\/p>\n<p>&nbsp;<\/p>\n<p>[\/et_pb_text][\/et_pb_column][\/et_pb_row][et_pb_row column_structure=&#8221;1_3,1_3,1_3&#8243; make_equal=&#8221;on&#8221; _builder_version=&#8221;4.4.6&#8243; global_colors_info=&#8221;{}&#8221;][et_pb_column type=&#8221;1_3&#8243; _builder_version=&#8221;4.4.6&#8243; custom_padding=&#8221;30px|30px|30px|30px|true|true&#8221; box_shadow_style=&#8221;preset1&#8243; box_shadow_color=&#8221;rgba(12,113,195,0.3)&#8221; global_colors_info=&#8221;{}&#8221;][et_pb_text _builder_version=&#8221;4.14.7&#8243; text_orientation=&#8221;center&#8221; hover_enabled=&#8221;0&#8243; global_colors_info=&#8221;{}&#8221; sticky_enabled=&#8221;0&#8243;]<\/p>\n<h2><em>Mbrojtja e mjedisi \u00a0 <\/em><\/h2>\n<p>[\/et_pb_text][\/et_pb_column][et_pb_column type=&#8221;1_3&#8243; _builder_version=&#8221;4.4.6&#8243; custom_padding=&#8221;30px|30px|30px|30px|true|true&#8221; box_shadow_style=&#8221;preset1&#8243; box_shadow_color=&#8221;rgba(12,113,195,0.3)&#8221; global_colors_info=&#8221;{}&#8221;][et_pb_text _builder_version=&#8221;4.4.6&#8243; text_orientation=&#8221;center&#8221; global_colors_info=&#8221;{}&#8221;]<\/p>\n<h2><em>Edukimi\u00a0\u00a0brezave dhe rritja e kapaciteteve njer\u00ebzore <\/em><\/h2>\n<p>[\/et_pb_text][\/et_pb_column][et_pb_column type=&#8221;1_3&#8243; _builder_version=&#8221;4.4.6&#8243; custom_padding=&#8221;30px|30px|30px|30px|true|true&#8221; box_shadow_style=&#8221;preset1&#8243; box_shadow_color=&#8221;rgba(12,113,195,0.3)&#8221; global_colors_info=&#8221;{}&#8221;][et_pb_text _builder_version=&#8221;4.4.6&#8243; text_orientation=&#8221;center&#8221; global_colors_info=&#8221;{}&#8221;]<\/p>\n<h2><em>Suporti i grupeve n\u00eb nevoj\u00eb <\/em><\/h2>\n<p>[\/et_pb_text][\/et_pb_column][\/et_pb_row][et_pb_row _builder_version=&#8221;4.4.6&#8243; custom_padding=&#8221;53px||0px|||&#8221; global_colors_info=&#8221;{}&#8221;][et_pb_column type=&#8221;4_4&#8243; _builder_version=&#8221;4.4.6&#8243; global_colors_info=&#8221;{}&#8221;][et_pb_text _builder_version=&#8221;4.4.6&#8243; header_3_font_size=&#8221;38px&#8221; text_orientation=&#8221;center&#8221; global_colors_info=&#8221;{}&#8221;]<\/p>\n<h3>Aktivitete t\u00eb p\u00ebrgjegj\u00ebsis\u00eb sociale<\/h3>\n<p><img decoding=\"async\" style=\"margin-top:-15px;\" src=\"https:\/\/albgroup.al\/wp-content\/uploads\/2020\/05\/logowithborder-1.png\" width=\"269\" height=\"87\" alt=\"\" class=\"wp-image-1948 alignnone size-full\" \/>[\/et_pb_text][\/et_pb_column][\/et_pb_row][\/et_pb_section][et_pb_section fb_built=&#8221;1&#8243; fullwidth=&#8221;on&#8221; disabled_on=&#8221;off|off|off&#8221; _builder_version=&#8221;4.4.6&#8243; custom_margin=&#8221;-56px|||||&#8221; custom_padding=&#8221;0px|10px|0px|10px|true|true&#8221; global_colors_info=&#8221;{}&#8221;][et_pb_fullwidth_portfolio fullwidth=&#8221;off&#8221; include_categories=&#8221;all&#8221; posts_number=&#8221;0&#8243; show_date=&#8221;off&#8221; zoom_icon_color=&#8221;rgba(0,0,0,0)&#8221; hover_overlay_color=&#8221;rgba(52,158,212,0.42)&#8221; _builder_version=&#8221;4.4.6&#8243; title_text_color=&#8221;#ffffff&#8221; width=&#8221;80%&#8221; width_tablet=&#8221;100%&#8221; width_phone=&#8221;&#8221; width_last_edited=&#8221;on|tablet&#8221; global_colors_info=&#8221;{}&#8221;][\/et_pb_fullwidth_portfolio][\/et_pb_section]<\/p>\n","protected":false},"excerpt":{"rendered":"<p>P\u00cbRGJEGJ\u00cbSIA SOCIALEAlbgroup synon t\u00eb jet\u00eb nj\u00eb aktor me vlera n\u00eb shoq\u00ebri, mjedis dhe komunitet. N\u00ebp\u00ebrmjet shembullit ton\u00eb synojm\u00eb t\u00eb eduktojm\u00eb breza, t\u00eb nd\u00ebrgjegj\u00ebsojm\u00eb komunitetin dhe impaktojm\u00eb n\u00eb p\u00ebrcjelljen e vlerave t\u00eb duhura p\u00ebr shoq\u00ebrin\u00eb. Produktet tona zgjidhen me kujdes p\u00ebr t\u00eb qen\u00eb eco-friendly, duke mbrojtur k\u00ebshtu mjedisin. Cil\u00ebsia \u00ebsht\u00eb parimi baz\u00eb n\u00eb Albsolution, duke ofruar [&hellip;]<\/p>\n","protected":false},"author":1,"featured_media":0,"parent":0,"menu_order":0,"comment_status":"closed","ping_status":"closed","template":"","meta":{"_et_pb_use_builder":"on","_et_pb_old_content":"","_et_gb_content_width":"","footnotes":""},"class_list":["post-20","page","type-page","status-publish","hentry"],"yoast_head":"<!-- This site is optimized with the Yoast SEO plugin v27.4 - https:\/\/yoast.com\/product\/yoast-seo-wordpress\/ -->\n<title>P\u00ebrgjegj\u00ebsia Sociale - AlbGroup<\/title>\n<meta name=\"description\" content=\"Albgroup ka fokus kryesor p\u00ebr t\u00eb qen\u00eb nj\u00eb grup kompanish ekologjike, p\u00ebr t\u00eb kontribuar p\u00ebr nj\u00eb shoq\u00ebri m\u00eb t\u00eb edukuar dhe t\u00eb zhvilluar\" \/>\n<meta name=\"robots\" content=\"index, follow, max-snippet:-1, max-image-preview:large, max-video-preview:-1\" \/>\n<link rel=\"canonical\" href=\"https:\/\/albgroup.al\/en\/pergjegjesia-sociale\/\" \/>\n<meta property=\"og:locale\" content=\"en_US\" \/>\n<meta property=\"og:type\" content=\"article\" \/>\n<meta property=\"og:title\" content=\"P\u00ebrgjegj\u00ebsia Sociale - AlbGroup\" \/>\n<meta property=\"og:description\" content=\"Albgroup ka fokus kryesor p\u00ebr t\u00eb qen\u00eb nj\u00eb grup kompanish ekologjike, p\u00ebr t\u00eb kontribuar p\u00ebr nj\u00eb shoq\u00ebri m\u00eb t\u00eb edukuar dhe t\u00eb zhvilluar\" \/>\n<meta property=\"og:url\" content=\"https:\/\/albgroup.al\/en\/pergjegjesia-sociale\/\" \/>\n<meta property=\"og:site_name\" content=\"AlbGroup\" \/>\n<meta property=\"article:publisher\" content=\"https:\/\/www.facebook.com\/AlbGroup1\" \/>\n<meta property=\"article:modified_time\" content=\"2022-01-28T08:40:22+00:00\" \/>\n<meta property=\"og:image\" content=\"https:\/\/albgroup.al\/wp-content\/uploads\/2020\/05\/logowithborder-1.png\" \/>\n<meta name=\"twitter:card\" content=\"summary_large_image\" \/>\n<meta name=\"twitter:label1\" content=\"Est. reading time\" \/>\n\t<meta name=\"twitter:data1\" content=\"2 minutes\" \/>\n<script type=\"application\/ld+json\" class=\"yoast-schema-graph\">{\"@context\":\"https:\\\/\\\/schema.org\",\"@graph\":[{\"@type\":\"WebPage\",\"@id\":\"https:\\\/\\\/albgroup.al\\\/pergjegjesia-sociale\\\/\",\"url\":\"https:\\\/\\\/albgroup.al\\\/pergjegjesia-sociale\\\/\",\"name\":\"P\u00ebrgjegj\u00ebsia Sociale - AlbGroup\",\"isPartOf\":{\"@id\":\"https:\\\/\\\/albgroup.al\\\/#website\"},\"primaryImageOfPage\":{\"@id\":\"https:\\\/\\\/albgroup.al\\\/pergjegjesia-sociale\\\/#primaryimage\"},\"image\":{\"@id\":\"https:\\\/\\\/albgroup.al\\\/pergjegjesia-sociale\\\/#primaryimage\"},\"thumbnailUrl\":\"https:\\\/\\\/albgroup.al\\\/wp-content\\\/uploads\\\/2020\\\/05\\\/logowithborder-1.png\",\"datePublished\":\"2020-03-29T13:47:43+00:00\",\"dateModified\":\"2022-01-28T08:40:22+00:00\",\"description\":\"Albgroup ka fokus kryesor p\u00ebr t\u00eb qen\u00eb nj\u00eb grup kompanish ekologjike, p\u00ebr t\u00eb kontribuar p\u00ebr nj\u00eb shoq\u00ebri m\u00eb t\u00eb edukuar dhe t\u00eb zhvilluar\",\"breadcrumb\":{\"@id\":\"https:\\\/\\\/albgroup.al\\\/pergjegjesia-sociale\\\/#breadcrumb\"},\"inLanguage\":\"en-US\",\"potentialAction\":[{\"@type\":\"ReadAction\",\"target\":[\"https:\\\/\\\/albgroup.al\\\/pergjegjesia-sociale\\\/\"]}]},{\"@type\":\"ImageObject\",\"inLanguage\":\"en-US\",\"@id\":\"https:\\\/\\\/albgroup.al\\\/pergjegjesia-sociale\\\/#primaryimage\",\"url\":\"https:\\\/\\\/albgroup.al\\\/wp-content\\\/uploads\\\/2020\\\/05\\\/logowithborder-1.png\",\"contentUrl\":\"https:\\\/\\\/albgroup.al\\\/wp-content\\\/uploads\\\/2020\\\/05\\\/logowithborder-1.png\"},{\"@type\":\"BreadcrumbList\",\"@id\":\"https:\\\/\\\/albgroup.al\\\/pergjegjesia-sociale\\\/#breadcrumb\",\"itemListElement\":[{\"@type\":\"ListItem\",\"position\":1,\"name\":\"Home\",\"item\":\"https:\\\/\\\/albgroup.al\\\/\"},{\"@type\":\"ListItem\",\"position\":2,\"name\":\"P\u00ebrgjegj\u00ebsia Sociale\"}]},{\"@type\":\"WebSite\",\"@id\":\"https:\\\/\\\/albgroup.al\\\/#website\",\"url\":\"https:\\\/\\\/albgroup.al\\\/\",\"name\":\"AlbGroup\",\"description\":\"Home\",\"publisher\":{\"@id\":\"https:\\\/\\\/albgroup.al\\\/#organization\"},\"potentialAction\":[{\"@type\":\"SearchAction\",\"target\":{\"@type\":\"EntryPoint\",\"urlTemplate\":\"https:\\\/\\\/albgroup.al\\\/?s={search_term_string}\"},\"query-input\":{\"@type\":\"PropertyValueSpecification\",\"valueRequired\":true,\"valueName\":\"search_term_string\"}}],\"inLanguage\":\"en-US\"},{\"@type\":\"Organization\",\"@id\":\"https:\\\/\\\/albgroup.al\\\/#organization\",\"name\":\"AlbGroup\",\"url\":\"https:\\\/\\\/albgroup.al\\\/\",\"logo\":{\"@type\":\"ImageObject\",\"inLanguage\":\"en-US\",\"@id\":\"https:\\\/\\\/albgroup.al\\\/#\\\/schema\\\/logo\\\/image\\\/\",\"url\":\"https:\\\/\\\/albgroup.al\\\/wp-content\\\/uploads\\\/2020\\\/05\\\/LOGO-ME-NGJYRA-01-copy.png\",\"contentUrl\":\"https:\\\/\\\/albgroup.al\\\/wp-content\\\/uploads\\\/2020\\\/05\\\/LOGO-ME-NGJYRA-01-copy.png\",\"width\":761,\"height\":269,\"caption\":\"AlbGroup\"},\"image\":{\"@id\":\"https:\\\/\\\/albgroup.al\\\/#\\\/schema\\\/logo\\\/image\\\/\"},\"sameAs\":[\"https:\\\/\\\/www.facebook.com\\\/AlbGroup1\",\"https:\\\/\\\/www.instagram.com\\\/albgroup_\\\/?hl=en\",\"https:\\\/\\\/www.youtube.com\\\/channel\\\/UCv5mUVjCZqffaEfLHsrFTdQ\"]}]}<\/script>\n<!-- \/ Yoast SEO plugin. -->","yoast_head_json":{"title":"P\u00ebrgjegj\u00ebsia Sociale - AlbGroup","description":"Albgroup ka fokus kryesor p\u00ebr t\u00eb qen\u00eb nj\u00eb grup kompanish ekologjike, p\u00ebr t\u00eb kontribuar p\u00ebr nj\u00eb shoq\u00ebri m\u00eb t\u00eb edukuar dhe t\u00eb zhvilluar","robots":{"index":"index","follow":"follow","max-snippet":"max-snippet:-1","max-image-preview":"max-image-preview:large","max-video-preview":"max-video-preview:-1"},"canonical":"https:\/\/albgroup.al\/en\/pergjegjesia-sociale\/","og_locale":"en_US","og_type":"article","og_title":"P\u00ebrgjegj\u00ebsia Sociale - AlbGroup","og_description":"Albgroup ka fokus kryesor p\u00ebr t\u00eb qen\u00eb nj\u00eb grup kompanish ekologjike, p\u00ebr t\u00eb kontribuar p\u00ebr nj\u00eb shoq\u00ebri m\u00eb t\u00eb edukuar dhe t\u00eb zhvilluar","og_url":"https:\/\/albgroup.al\/en\/pergjegjesia-sociale\/","og_site_name":"AlbGroup","article_publisher":"https:\/\/www.facebook.com\/AlbGroup1","article_modified_time":"2022-01-28T08:40:22+00:00","og_image":[{"url":"https:\/\/albgroup.al\/wp-content\/uploads\/2020\/05\/logowithborder-1.png","type":"","width":"","height":""}],"twitter_card":"summary_large_image","twitter_misc":{"Est. reading time":"2 minutes"},"schema":{"@context":"https:\/\/schema.org","@graph":[{"@type":"WebPage","@id":"https:\/\/albgroup.al\/pergjegjesia-sociale\/","url":"https:\/\/albgroup.al\/pergjegjesia-sociale\/","name":"P\u00ebrgjegj\u00ebsia Sociale - AlbGroup","isPartOf":{"@id":"https:\/\/albgroup.al\/#website"},"primaryImageOfPage":{"@id":"https:\/\/albgroup.al\/pergjegjesia-sociale\/#primaryimage"},"image":{"@id":"https:\/\/albgroup.al\/pergjegjesia-sociale\/#primaryimage"},"thumbnailUrl":"https:\/\/albgroup.al\/wp-content\/uploads\/2020\/05\/logowithborder-1.png","datePublished":"2020-03-29T13:47:43+00:00","dateModified":"2022-01-28T08:40:22+00:00","description":"Albgroup ka fokus kryesor p\u00ebr t\u00eb qen\u00eb nj\u00eb grup kompanish ekologjike, p\u00ebr t\u00eb kontribuar p\u00ebr nj\u00eb shoq\u00ebri m\u00eb t\u00eb edukuar dhe t\u00eb zhvilluar","breadcrumb":{"@id":"https:\/\/albgroup.al\/pergjegjesia-sociale\/#breadcrumb"},"inLanguage":"en-US","potentialAction":[{"@type":"ReadAction","target":["https:\/\/albgroup.al\/pergjegjesia-sociale\/"]}]},{"@type":"ImageObject","inLanguage":"en-US","@id":"https:\/\/albgroup.al\/pergjegjesia-sociale\/#primaryimage","url":"https:\/\/albgroup.al\/wp-content\/uploads\/2020\/05\/logowithborder-1.png","contentUrl":"https:\/\/albgroup.al\/wp-content\/uploads\/2020\/05\/logowithborder-1.png"},{"@type":"BreadcrumbList","@id":"https:\/\/albgroup.al\/pergjegjesia-sociale\/#breadcrumb","itemListElement":[{"@type":"ListItem","position":1,"name":"Home","item":"https:\/\/albgroup.al\/"},{"@type":"ListItem","position":2,"name":"P\u00ebrgjegj\u00ebsia Sociale"}]},{"@type":"WebSite","@id":"https:\/\/albgroup.al\/#website","url":"https:\/\/albgroup.al\/","name":"AlbGroup","description":"Home","publisher":{"@id":"https:\/\/albgroup.al\/#organization"},"potentialAction":[{"@type":"SearchAction","target":{"@type":"EntryPoint","urlTemplate":"https:\/\/albgroup.al\/?s={search_term_string}"},"query-input":{"@type":"PropertyValueSpecification","valueRequired":true,"valueName":"search_term_string"}}],"inLanguage":"en-US"},{"@type":"Organization","@id":"https:\/\/albgroup.al\/#organization","name":"AlbGroup","url":"https:\/\/albgroup.al\/","logo":{"@type":"ImageObject","inLanguage":"en-US","@id":"https:\/\/albgroup.al\/#\/schema\/logo\/image\/","url":"https:\/\/albgroup.al\/wp-content\/uploads\/2020\/05\/LOGO-ME-NGJYRA-01-copy.png","contentUrl":"https:\/\/albgroup.al\/wp-content\/uploads\/2020\/05\/LOGO-ME-NGJYRA-01-copy.png","width":761,"height":269,"caption":"AlbGroup"},"image":{"@id":"https:\/\/albgroup.al\/#\/schema\/logo\/image\/"},"sameAs":["https:\/\/www.facebook.com\/AlbGroup1","https:\/\/www.instagram.com\/albgroup_\/?hl=en","https:\/\/www.youtube.com\/channel\/UCv5mUVjCZqffaEfLHsrFTdQ"]}]}},"_links":{"self":[{"href":"https:\/\/albgroup.al\/en\/wp-json\/wp\/v2\/pages\/20","targetHints":{"allow":["GET"]}}],"collection":[{"href":"https:\/\/albgroup.al\/en\/wp-json\/wp\/v2\/pages"}],"about":[{"href":"https:\/\/albgroup.al\/en\/wp-json\/wp\/v2\/types\/page"}],"author":[{"embeddable":true,"href":"https:\/\/albgroup.al\/en\/wp-json\/wp\/v2\/users\/1"}],"replies":[{"embeddable":true,"href":"https:\/\/albgroup.al\/en\/wp-json\/wp\/v2\/comments?post=20"}],"version-history":[{"count":3,"href":"https:\/\/albgroup.al\/en\/wp-json\/wp\/v2\/pages\/20\/revisions"}],"predecessor-version":[{"id":3581,"href":"https:\/\/albgroup.al\/en\/wp-json\/wp\/v2\/pages\/20\/revisions\/3581"}],"wp:attachment":[{"href":"https:\/\/albgroup.al\/en\/wp-json\/wp\/v2\/media?parent=20"}],"curies":[{"name":"wp","href":"https:\/\/api.w.org\/{rel}","templated":true}]}}