{"id":1933,"date":"2020-05-25T08:26:25","date_gmt":"2020-05-25T08:26:25","guid":{"rendered":"https:\/\/albgroup.al\/?page_id=1933"},"modified":"2022-01-24T15:07:21","modified_gmt":"2022-01-24T13:07:21","slug":"historiku","status":"publish","type":"page","link":"https:\/\/albgroup.al\/en\/historiku\/","title":{"rendered":"Historiku"},"content":{"rendered":"<p>[et_pb_section fb_built=&#8221;1&#8243; custom_padding_last_edited=&#8221;on|tablet&#8221; _builder_version=&#8221;4.4.6&#8243; background_color=&#8221;rgba(0,0,0,0.47)&#8221; background_image=&#8221;https:\/\/albgroup.al\/wp-content\/uploads\/2020\/08\/8ca1da43-579f-412c-823e-8863e0f7d0ac.jpg&#8221; background_blend=&#8221;overlay&#8221; custom_padding=&#8221;200px||200px||false|false&#8221; custom_padding_tablet=&#8221;100px||100px||true|false&#8221; custom_padding_phone=&#8221;&#8221; custom_css_main_element=&#8221;background-position:50% 0%;&#8221; global_colors_info=&#8221;{}&#8221;][et_pb_row _builder_version=&#8221;4.4.6&#8243; global_colors_info=&#8221;{}&#8221;][et_pb_column type=&#8221;4_4&#8243; _builder_version=&#8221;4.4.6&#8243; global_colors_info=&#8221;{}&#8221;][et_pb_text _builder_version=&#8221;4.4.6&#8243; text_orientation=&#8221;center&#8221; background_layout=&#8221;dark&#8221; width=&#8221;32%&#8221; width_tablet=&#8221;100%&#8221; width_phone=&#8221;&#8221; width_last_edited=&#8221;on|tablet&#8221; module_alignment=&#8221;center&#8221; custom_padding=&#8221;10px||||false|false&#8221; header_font_size_tablet=&#8221;&#8221; header_font_size_phone=&#8221;22px&#8221; header_font_size_last_edited=&#8221;on|phone&#8221; border_width_all=&#8221;5px&#8221; border_color_all=&#8221;rgba(216,216,216,0.21)&#8221; global_colors_info=&#8221;{}&#8221;]<\/p>\n<h1>HISTORIKU<\/h1>\n<p>[\/et_pb_text][\/et_pb_column][\/et_pb_row][\/et_pb_section][et_pb_section fb_built=&#8221;1&#8243; disabled_on=&#8221;off|off|off&#8221; _builder_version=&#8221;4.4.6&#8243; global_colors_info=&#8221;{}&#8221;][et_pb_row _builder_version=&#8221;4.4.6&#8243; global_colors_info=&#8221;{}&#8221;][et_pb_column type=&#8221;4_4&#8243; _builder_version=&#8221;4.4.6&#8243; global_colors_info=&#8221;{}&#8221;][et_pb_code _builder_version=&#8221;4.4.6&#8243; global_colors_info=&#8221;{}&#8221;]\t\t\t<!-- Cool Timeline Free V3.3.0 -->\n\t\t\t<div class=\"ctl-wrapper\" role=\"region\" aria-label=\"Timeline\">\n\t\t\t\t<div class=\"ctl-before-content\"><div class=\"timeline-main-title\"><h1>Historiku<\/h1><\/div><\/div>\t\t\t\t<div id=\"cool_timeline_1\" class=\"cool-timeline-wrapper ctl-both-sided ctl-vertical-wrapper\" >\n\t\t\t\t\t<div class=\"ctl-start\"><\/div>\n\t\t\t\t\t<!-- Timeline Container -->\n\t\t\t\t\t<div class=\"ctl-timeline ctl-timeline-container\" data-animation=\"none\">\n\t\t\t\t\t\t<!-- Center Line -->\n\t\t\t\t\t\t<div class=\"ctl-inner-line\" role=\"presentation\"><\/div>\n\t\t\t\t\t\t\t\t\t\t\t\t<!-- Story Year Section --><div data-cls=\"sc-nv-light vertical\" class=\"timeline-year scrollable-section ctl-year ctl-year-container light-year\" data-section-title=\"2020\" id=\"year-2020\"><div class=\"ctl-year-label ctl-year-text\"><span>2020<\/span><\/div><\/div><!-- Timeline Content --><div  id=\"ctl-story-2059\" class=\"ctl-story ctl-story-dot-icon odd ctl-story-right\" data-aos=\"none\"   data-story-index=\"1\" role=\"article\"><!-- Story IconDot --><div class=\"ctl-icondot\"><\/div> <!-- Story Arrow --><div class=\"ctl-arrow\"><\/div><!-- Story Content --><div class=\"ctl-content\"><!-- Story Title --><div class=\"ctl-title story-2059\" aria-label=\"2\">2020<\/div><!-- Story Description --><div class=\"ctl-description\"><p>Nj\u00eb platform\u00eb e re p\u00ebr tregun Shqiptar, Albooker e cila ju vjen n\u00eb ndihm\u00eb t\u00eb gjith\u00eb pronar\u00ebve t\u00eb apartamenteve apo hoteleve por dhe t\u00eb gjith\u00eb vizitor\u00ebve nga gjith\u00eb bota. Duke p\u00ebrdorur njohuri, p\u00ebrvoj\u00eb dhe inovacion, vizioni i Albooker-it \u00ebsht\u00eb t\u00eb b\u00ebhet nj\u00eb nga agjencit\u00eb kryesore t\u00eb qirave t\u00eb pushimeve n\u00eb Shqip\u00ebri.<\/p>\n<\/div><\/div><\/div><!-- Story Year Section --><div data-cls=\"sc-nv-light vertical\" class=\"timeline-year scrollable-section ctl-year ctl-year-container light-year\" data-section-title=\"2019\" id=\"year-2019\"><div class=\"ctl-year-label ctl-year-text\"><span>2019<\/span><\/div><\/div><!-- Timeline Content --><div  id=\"ctl-story-2058\" class=\"ctl-story ctl-story-dot-icon even ctl-story-left\" data-aos=\"none\"   data-story-index=\"2\" role=\"article\"><!-- Story IconDot --><div class=\"ctl-icondot\"><\/div> <!-- Story Arrow --><div class=\"ctl-arrow\"><\/div><!-- Story Content --><div class=\"ctl-content\"><!-- Story Title --><div class=\"ctl-title story-2058\" aria-label=\"2\">2019<\/div><!-- Story Description --><div class=\"ctl-description\"><p>Ndarja zyrtare dhe ligjore e kompanive Albpastrim, \u00a0Albsolution &amp; Albacademy. Investuam n\u00eb zhvillimin e m\u00ebtejsh\u00ebm t\u00eb strukturave tona shit\u00ebse, duke u fokusuar n\u00eb shitjen online. Albacademy ka filluar veprimtarin\u00eb e saj n\u00eb trajnimet afatshkurta profesionale t\u00eb stafit si dhe me trajnime dhe kurse n\u00eb sektorin e Hoteleri \u2013 Turiz\u00ebm.<\/p>\n<\/div><\/div><\/div><!-- Story Year Section --><div data-cls=\"sc-nv-light vertical\" class=\"timeline-year scrollable-section ctl-year ctl-year-container light-year\" data-section-title=\"2017\" id=\"year-2017\"><div class=\"ctl-year-label ctl-year-text\"><span>2017<\/span><\/div><\/div><!-- Timeline Content --><div  id=\"ctl-story-2057\" class=\"ctl-story ctl-story-dot-icon odd ctl-story-right\" data-aos=\"none\"   data-story-index=\"3\" role=\"article\"><!-- Story IconDot --><div class=\"ctl-icondot\"><\/div> <!-- Story Arrow --><div class=\"ctl-arrow\"><\/div><!-- Story Content --><div class=\"ctl-content\"><!-- Story Title --><div class=\"ctl-title story-2057\" aria-label=\"2\">2017<\/div><!-- Story Description --><div class=\"ctl-description\"><p>Themeluam  Albacademy duke ofruar kurse profesionale t\u00eb \u00e7ertifikuara, konsulenc\u00eb me ekspert\u00ebt m\u00eb t\u00eb mir\u00eb n\u00eb treg, projekte n\u00eb bashk\u00ebpunim me institucione nd\u00ebrkomb\u00ebtare. Firmosja e 7 parimeve t\u00eb Fuqizimit t\u00eb gruas UN Woman (United Nations Entity Gender Equality and the Empowerment of Women.)<\/p>\n<\/div><\/div><\/div><!-- Story Year Section --><div data-cls=\"sc-nv-light vertical\" class=\"timeline-year scrollable-section ctl-year ctl-year-container light-year\" data-section-title=\"2016\" id=\"year-2016\"><div class=\"ctl-year-label ctl-year-text\"><span>2016<\/span><\/div><\/div><!-- Timeline Content --><div  id=\"ctl-story-2056\" class=\"ctl-story ctl-story-dot-icon even ctl-story-left\" data-aos=\"none\"   data-story-index=\"4\" role=\"article\"><!-- Story IconDot --><div class=\"ctl-icondot\"><\/div> <!-- Story Arrow --><div class=\"ctl-arrow\"><\/div><!-- Story Content --><div class=\"ctl-content\"><!-- Story Title --><div class=\"ctl-title story-2056\" aria-label=\"2\">2016<\/div><!-- Story Description --><div class=\"ctl-description\"><p>Investuam n\u00eb at\u00eb q\u00eb \u00ebsht\u00eb m\u00eb e r\u00ebnd\u00ebsishmja, kapaciteti njer\u00ebzor. Me mbi 100 punonj\u00ebs ofrojm\u00eb sh\u00ebrbim p\u00ebr m\u00eb shum\u00eb se 300 biznese. U shtuan n\u00eb portofolin ton\u00eb partner\u00eb t\u00eb r\u00ebnd\u00ebsish\u00ebm duke u perfshir\u00eb n\u00eb fusha t\u00eb tjera, Rolling Hills, Stadiumi Loro Boroci, Megatek etj. N\u00eb k\u00ebt\u00eb vit hodh\u00ebm bazat p\u00ebr nd\u00ebrtimin e Albacademy me programe trajnimi dhe zhvillimi.<\/p>\n<\/div><\/div><\/div><!-- Story Year Section --><div data-cls=\"sc-nv-light vertical\" class=\"timeline-year scrollable-section ctl-year ctl-year-container light-year\" data-section-title=\"2015\" id=\"year-2015\"><div class=\"ctl-year-label ctl-year-text\"><span>2015<\/span><\/div><\/div><!-- Timeline Content --><div  id=\"ctl-story-2055\" class=\"ctl-story ctl-story-dot-icon odd ctl-story-right\" data-aos=\"none\"   data-story-index=\"5\" role=\"article\"><!-- Story IconDot --><div class=\"ctl-icondot\"><\/div> <!-- Story Arrow --><div class=\"ctl-arrow\"><\/div><!-- Story Content --><div class=\"ctl-content\"><!-- Story Title --><div class=\"ctl-title story-2055\" aria-label=\"2\">2015<\/div><!-- Story Description --><div class=\"ctl-description\"><p>Zgjerojm\u00eb fush\u00ebn e veprimtaris\u00eb, duke ofruar sh\u00ebrbim p\u00ebr hotelerin\u00eb me partner t\u00eb m\u00ebdhenj si Rogner Hotel, Diplomat Hotel, Continental pjes\u00eb e Kastrati group. Fokusi yn\u00eb ishte zgjerimi i industrive n\u00eb t\u00eb cilat ofrojm\u00eb sh\u00ebrbim dhe produkte. Startojm\u00eb nj\u00eb bashk\u00ebpunim t\u00eb ri me kompanin\u00eb Mars Tissue duke zgjeruar gam\u00ebn e produkteve t\u00eb konsumit n\u00eb pastrim. N\u00eb k\u00ebt\u00eb vit nd\u00ebrpresim sh\u00ebrbimin e administrimit, duke u identifikuar si nj\u00eb nd\u00ebr kompanit\u00eb m\u00eb t\u00eb m\u00ebdha t\u00eb pastrimit dhe sigurisht si nj\u00eb distributor i brandeve nd\u00ebrkomb\u00ebtare.<\/p>\n<\/div><\/div><\/div><!-- Story Year Section --><div data-cls=\"sc-nv-light vertical\" class=\"timeline-year scrollable-section ctl-year ctl-year-container light-year\" data-section-title=\"2014\" id=\"year-2014\"><div class=\"ctl-year-label ctl-year-text\"><span>2014<\/span><\/div><\/div><!-- Timeline Content --><div  id=\"ctl-story-2054\" class=\"ctl-story ctl-story-dot-icon even ctl-story-left\" data-aos=\"none\"   data-story-index=\"6\" role=\"article\"><!-- Story IconDot --><div class=\"ctl-icondot\"><\/div> <!-- Story Arrow --><div class=\"ctl-arrow\"><\/div><!-- Story Content --><div class=\"ctl-content\"><!-- Story Title --><div class=\"ctl-title story-2054\" aria-label=\"2\">2014<\/div><!-- Story Description --><div class=\"ctl-description\"><p>B\u00ebhemi distributor t\u00eb markave m\u00eb t\u00eb njohur p\u00ebr sa i p\u00ebrket materialeve t\u00eb pastrimit, Vileda Professional, Dr. Schnell. Ofruam siguri p\u00ebr tregun Shqiptar, p\u00ebr brande Europiane dhe s\u00eb bashku nd\u00ebrtuam nj\u00eb vizion t\u00eb ri, rrit\u00ebm nj\u00eb kultur\u00eb t\u00eb re n\u00eb mir\u00ebmbajtjen dhe pastrimin n\u00eb vend dhe u \u00e7ertifikuam me standardet m\u00eb t\u00eb larta t\u00eb menaxhimit.<\/p>\n<\/div><\/div><\/div><!-- Story Year Section --><div data-cls=\"sc-nv-light vertical\" class=\"timeline-year scrollable-section ctl-year ctl-year-container light-year\" data-section-title=\"2013\" id=\"year-2013\"><div class=\"ctl-year-label ctl-year-text\"><span>2013<\/span><\/div><\/div><!-- Timeline Content --><div  id=\"ctl-story-2053\" class=\"ctl-story ctl-story-dot-icon odd ctl-story-right\" data-aos=\"none\"   data-story-index=\"7\" role=\"article\"><!-- Story IconDot --><div class=\"ctl-icondot\"><\/div> <!-- Story Arrow --><div class=\"ctl-arrow\"><\/div><!-- Story Content --><div class=\"ctl-content\"><!-- Story Title --><div class=\"ctl-title story-2053\" aria-label=\"2\">2013<\/div><!-- Story Description --><div class=\"ctl-description\"><p>Albpastrim zgjeron gam\u00ebn e sh\u00ebrbimeve. P\u00ebr t\u00eb plot\u00ebsuar \u00e7do nevoj\u00eb t\u00eb biznesit dhe individ\u00ebve sjellim sh\u00ebrbimin e shitjeve t\u00eb produkteve t\u00eb pastrimit dhe materialeve t\u00eb konsumit. Investohet n\u00eb makineri dhe n\u00eb trajnime profesionale t\u00eb stafit. Pik\u00ebrisht k\u00ebt\u00eb vit merr jet\u00eb dhe fillesa e kompanis\u00eb Albsolution.<\/p>\n<\/div><\/div><\/div><!-- Story Year Section --><div data-cls=\"sc-nv-light vertical\" class=\"timeline-year scrollable-section ctl-year ctl-year-container light-year\" data-section-title=\"2012\" id=\"year-2012\"><div class=\"ctl-year-label ctl-year-text\"><span>2012<\/span><\/div><\/div><!-- Timeline Content --><div  id=\"ctl-story-2052\" class=\"ctl-story ctl-story-dot-icon even ctl-story-left\" data-aos=\"none\"   data-story-index=\"8\" role=\"article\"><!-- Story IconDot --><div class=\"ctl-icondot\"><\/div> <!-- Story Arrow --><div class=\"ctl-arrow\"><\/div><!-- Story Content --><div class=\"ctl-content\"><!-- Story Title --><div class=\"ctl-title story-2052\" aria-label=\"2\">2012<\/div><!-- Story Description --><div class=\"ctl-description\"><p>Vet\u00ebm n\u00eb nj\u00eb vit fal\u00eb transparenc\u00ebs dhe sh\u00ebrbimit professional Albpastrim rritet me hapa t\u00eb m\u00ebdhenj, duke filluar bashk\u00ebpunim me disa nga partner\u00ebt m\u00eb r\u00ebnd\u00ebsish\u00ebm si: Epoka University UET, Beder University, ETC, Unioni Shqiptar etj. Sfiduam kapacitet tona n\u00eb vet\u00ebm nj\u00eb vit.<\/p>\n<\/div><\/div><\/div><!-- Story Year Section --><div data-cls=\"sc-nv-light vertical\" class=\"timeline-year scrollable-section ctl-year ctl-year-container light-year\" data-section-title=\"2011\" id=\"year-2011\"><div class=\"ctl-year-label ctl-year-text\"><span>2011<\/span><\/div><\/div><!-- Timeline Content --><div  id=\"ctl-story-2041\" class=\"ctl-story ctl-story-dot-icon odd ctl-story-right\" data-aos=\"none\"   data-story-index=\"9\" role=\"article\"><!-- Story IconDot --><div class=\"ctl-icondot\"><\/div> <!-- Story Arrow --><div class=\"ctl-arrow\"><\/div><!-- Story Content --><div class=\"ctl-content\"><!-- Story Title --><div class=\"ctl-title story-2041\" aria-label=\"2\">2011<\/div><!-- Story Description --><div class=\"ctl-description\"><p>P\u00ebr her\u00eb t\u00eb par\u00eb n\u00eb Shqip\u00ebri krijohet nj\u00eb kompani pastrimi me struktura profesionale. Albpastrim starton si nj\u00eb kompani e vog\u00ebl pastrimi me objektiv ofrimin e sh\u00ebrbimit t\u00eb mir\u00ebmbajtjes n\u00eb administrimin e hap\u00ebsirave t\u00eb p\u00ebrbashk\u00ebta. T\u00eb par\u00ebt q\u00eb nis\u00ebm bashk\u00ebpunimin me Bashkin\u00eb e Tiran\u00ebs p\u00ebr administrimin e godinave t\u00eb banimit.<\/p>\n<\/div><\/div><\/div>\t\t\t\t\t<\/div>\n\t\t\t\t\t<div class=\"ctl-end\"><\/div>\n\t\t\t\t\t\t\t\t\t<\/div>\n\t\t\t<\/div>\n\t\t\t[\/et_pb_code][\/et_pb_column][\/et_pb_row][\/et_pb_section]<\/p>\n","protected":false},"excerpt":{"rendered":"<p>[et_pb_section fb_built=&#8221;1&#8243; custom_padding_last_edited=&#8221;on|tablet&#8221; _builder_version=&#8221;4.4.6&#8243; background_color=&#8221;rgba(0,0,0,0.47)&#8221; background_image=&#8221;https:\/\/albgroup.al\/wp-content\/uploads\/2020\/08\/8ca1da43-579f-412c-823e-8863e0f7d0ac.jpg&#8221; background_blend=&#8221;overlay&#8221; custom_padding=&#8221;200px||200px||false|false&#8221; custom_padding_tablet=&#8221;100px||100px||true|false&#8221; custom_padding_phone=&#8221;&#8221; custom_css_main_element=&#8221;background-position:50% 0%;&#8221; global_colors_info=&#8221;{}&#8221;][et_pb_row _builder_version=&#8221;4.4.6&#8243; global_colors_info=&#8221;{}&#8221;][et_pb_column type=&#8221;4_4&#8243; _builder_version=&#8221;4.4.6&#8243; global_colors_info=&#8221;{}&#8221;][et_pb_text _builder_version=&#8221;4.4.6&#8243; text_orientation=&#8221;center&#8221; background_layout=&#8221;dark&#8221; width=&#8221;32%&#8221; width_tablet=&#8221;100%&#8221; width_phone=&#8221;&#8221; width_last_edited=&#8221;on|tablet&#8221; module_alignment=&#8221;center&#8221; custom_padding=&#8221;10px||||false|false&#8221; header_font_size_tablet=&#8221;&#8221; header_font_size_phone=&#8221;22px&#8221; header_font_size_last_edited=&#8221;on|phone&#8221; border_width_all=&#8221;5px&#8221; border_color_all=&#8221;rgba(216,216,216,0.21)&#8221; global_colors_info=&#8221;{}&#8221;] HISTORIKU [\/et_pb_text][\/et_pb_column][\/et_pb_row][\/et_pb_section][et_pb_section fb_built=&#8221;1&#8243; disabled_on=&#8221;off|off|off&#8221; _builder_version=&#8221;4.4.6&#8243; global_colors_info=&#8221;{}&#8221;][et_pb_row _builder_version=&#8221;4.4.6&#8243; global_colors_info=&#8221;{}&#8221;][et_pb_column type=&#8221;4_4&#8243; _builder_version=&#8221;4.4.6&#8243; global_colors_info=&#8221;{}&#8221;][et_pb_code _builder_version=&#8221;4.4.6&#8243; global_colors_info=&#8221;{}&#8221;][\/et_pb_code][\/et_pb_column][\/et_pb_row][\/et_pb_section]<\/p>\n","protected":false},"author":1,"featured_media":0,"parent":0,"menu_order":0,"comment_status":"closed","ping_status":"closed","template":"","meta":{"_et_pb_use_builder":"on","_et_pb_old_content":"","_et_gb_content_width":"","footnotes":""},"class_list":["post-1933","page","type-page","status-publish","hentry"],"yoast_head":"<!-- This site is optimized with the Yoast SEO plugin v27.4 - https:\/\/yoast.com\/product\/yoast-seo-wordpress\/ -->\n<title>Historiku - AlbGroup<\/title>\n<meta name=\"description\" content=\"Nj\u00eb platform\u00eb e re p\u00ebr tregun Shqiptar, Direct Booker e cila ju vjen n\u00eb ndihm\u00eb t\u00eb gjith\u00eb pronar\u00ebve t\u00eb apartamenteve apo hoteleve.\" \/>\n<meta name=\"robots\" content=\"index, follow, max-snippet:-1, max-image-preview:large, max-video-preview:-1\" \/>\n<link rel=\"canonical\" href=\"https:\/\/albgroup.al\/en\/historiku\/\" \/>\n<meta property=\"og:locale\" content=\"en_US\" \/>\n<meta property=\"og:type\" content=\"article\" \/>\n<meta property=\"og:title\" content=\"Historiku - AlbGroup\" \/>\n<meta property=\"og:description\" content=\"Nj\u00eb platform\u00eb e re p\u00ebr tregun Shqiptar, Direct Booker e cila ju vjen n\u00eb ndihm\u00eb t\u00eb gjith\u00eb pronar\u00ebve t\u00eb apartamenteve apo hoteleve.\" \/>\n<meta property=\"og:url\" content=\"https:\/\/albgroup.al\/en\/historiku\/\" \/>\n<meta property=\"og:site_name\" content=\"AlbGroup\" \/>\n<meta property=\"article:publisher\" content=\"https:\/\/www.facebook.com\/AlbGroup1\" \/>\n<meta property=\"article:modified_time\" content=\"2022-01-24T13:07:21+00:00\" \/>\n<meta name=\"twitter:card\" content=\"summary_large_image\" \/>\n<meta name=\"twitter:label1\" content=\"Est. reading time\" \/>\n\t<meta name=\"twitter:data1\" content=\"1 minute\" \/>\n<script type=\"application\/ld+json\" class=\"yoast-schema-graph\">{\"@context\":\"https:\\\/\\\/schema.org\",\"@graph\":[{\"@type\":\"WebPage\",\"@id\":\"https:\\\/\\\/albgroup.al\\\/historiku\\\/\",\"url\":\"https:\\\/\\\/albgroup.al\\\/historiku\\\/\",\"name\":\"Historiku - AlbGroup\",\"isPartOf\":{\"@id\":\"https:\\\/\\\/albgroup.al\\\/#website\"},\"datePublished\":\"2020-05-25T08:26:25+00:00\",\"dateModified\":\"2022-01-24T13:07:21+00:00\",\"description\":\"Nj\u00eb platform\u00eb e re p\u00ebr tregun Shqiptar, Direct Booker e cila ju vjen n\u00eb ndihm\u00eb t\u00eb gjith\u00eb pronar\u00ebve t\u00eb apartamenteve apo hoteleve.\",\"breadcrumb\":{\"@id\":\"https:\\\/\\\/albgroup.al\\\/historiku\\\/#breadcrumb\"},\"inLanguage\":\"en-US\",\"potentialAction\":[{\"@type\":\"ReadAction\",\"target\":[\"https:\\\/\\\/albgroup.al\\\/historiku\\\/\"]}]},{\"@type\":\"BreadcrumbList\",\"@id\":\"https:\\\/\\\/albgroup.al\\\/historiku\\\/#breadcrumb\",\"itemListElement\":[{\"@type\":\"ListItem\",\"position\":1,\"name\":\"Home\",\"item\":\"https:\\\/\\\/albgroup.al\\\/\"},{\"@type\":\"ListItem\",\"position\":2,\"name\":\"Historiku\"}]},{\"@type\":\"WebSite\",\"@id\":\"https:\\\/\\\/albgroup.al\\\/#website\",\"url\":\"https:\\\/\\\/albgroup.al\\\/\",\"name\":\"AlbGroup\",\"description\":\"Home\",\"publisher\":{\"@id\":\"https:\\\/\\\/albgroup.al\\\/#organization\"},\"potentialAction\":[{\"@type\":\"SearchAction\",\"target\":{\"@type\":\"EntryPoint\",\"urlTemplate\":\"https:\\\/\\\/albgroup.al\\\/?s={search_term_string}\"},\"query-input\":{\"@type\":\"PropertyValueSpecification\",\"valueRequired\":true,\"valueName\":\"search_term_string\"}}],\"inLanguage\":\"en-US\"},{\"@type\":\"Organization\",\"@id\":\"https:\\\/\\\/albgroup.al\\\/#organization\",\"name\":\"AlbGroup\",\"url\":\"https:\\\/\\\/albgroup.al\\\/\",\"logo\":{\"@type\":\"ImageObject\",\"inLanguage\":\"en-US\",\"@id\":\"https:\\\/\\\/albgroup.al\\\/#\\\/schema\\\/logo\\\/image\\\/\",\"url\":\"https:\\\/\\\/albgroup.al\\\/wp-content\\\/uploads\\\/2020\\\/05\\\/LOGO-ME-NGJYRA-01-copy.png\",\"contentUrl\":\"https:\\\/\\\/albgroup.al\\\/wp-content\\\/uploads\\\/2020\\\/05\\\/LOGO-ME-NGJYRA-01-copy.png\",\"width\":761,\"height\":269,\"caption\":\"AlbGroup\"},\"image\":{\"@id\":\"https:\\\/\\\/albgroup.al\\\/#\\\/schema\\\/logo\\\/image\\\/\"},\"sameAs\":[\"https:\\\/\\\/www.facebook.com\\\/AlbGroup1\",\"https:\\\/\\\/www.instagram.com\\\/albgroup_\\\/?hl=en\",\"https:\\\/\\\/www.youtube.com\\\/channel\\\/UCv5mUVjCZqffaEfLHsrFTdQ\"]}]}<\/script>\n<!-- \/ Yoast SEO plugin. -->","yoast_head_json":{"title":"Historiku - AlbGroup","description":"Nj\u00eb platform\u00eb e re p\u00ebr tregun Shqiptar, Direct Booker e cila ju vjen n\u00eb ndihm\u00eb t\u00eb gjith\u00eb pronar\u00ebve t\u00eb apartamenteve apo hoteleve.","robots":{"index":"index","follow":"follow","max-snippet":"max-snippet:-1","max-image-preview":"max-image-preview:large","max-video-preview":"max-video-preview:-1"},"canonical":"https:\/\/albgroup.al\/en\/historiku\/","og_locale":"en_US","og_type":"article","og_title":"Historiku - AlbGroup","og_description":"Nj\u00eb platform\u00eb e re p\u00ebr tregun Shqiptar, Direct Booker e cila ju vjen n\u00eb ndihm\u00eb t\u00eb gjith\u00eb pronar\u00ebve t\u00eb apartamenteve apo hoteleve.","og_url":"https:\/\/albgroup.al\/en\/historiku\/","og_site_name":"AlbGroup","article_publisher":"https:\/\/www.facebook.com\/AlbGroup1","article_modified_time":"2022-01-24T13:07:21+00:00","twitter_card":"summary_large_image","twitter_misc":{"Est. reading time":"1 minute"},"schema":{"@context":"https:\/\/schema.org","@graph":[{"@type":"WebPage","@id":"https:\/\/albgroup.al\/historiku\/","url":"https:\/\/albgroup.al\/historiku\/","name":"Historiku - AlbGroup","isPartOf":{"@id":"https:\/\/albgroup.al\/#website"},"datePublished":"2020-05-25T08:26:25+00:00","dateModified":"2022-01-24T13:07:21+00:00","description":"Nj\u00eb platform\u00eb e re p\u00ebr tregun Shqiptar, Direct Booker e cila ju vjen n\u00eb ndihm\u00eb t\u00eb gjith\u00eb pronar\u00ebve t\u00eb apartamenteve apo hoteleve.","breadcrumb":{"@id":"https:\/\/albgroup.al\/historiku\/#breadcrumb"},"inLanguage":"en-US","potentialAction":[{"@type":"ReadAction","target":["https:\/\/albgroup.al\/historiku\/"]}]},{"@type":"BreadcrumbList","@id":"https:\/\/albgroup.al\/historiku\/#breadcrumb","itemListElement":[{"@type":"ListItem","position":1,"name":"Home","item":"https:\/\/albgroup.al\/"},{"@type":"ListItem","position":2,"name":"Historiku"}]},{"@type":"WebSite","@id":"https:\/\/albgroup.al\/#website","url":"https:\/\/albgroup.al\/","name":"AlbGroup","description":"Home","publisher":{"@id":"https:\/\/albgroup.al\/#organization"},"potentialAction":[{"@type":"SearchAction","target":{"@type":"EntryPoint","urlTemplate":"https:\/\/albgroup.al\/?s={search_term_string}"},"query-input":{"@type":"PropertyValueSpecification","valueRequired":true,"valueName":"search_term_string"}}],"inLanguage":"en-US"},{"@type":"Organization","@id":"https:\/\/albgroup.al\/#organization","name":"AlbGroup","url":"https:\/\/albgroup.al\/","logo":{"@type":"ImageObject","inLanguage":"en-US","@id":"https:\/\/albgroup.al\/#\/schema\/logo\/image\/","url":"https:\/\/albgroup.al\/wp-content\/uploads\/2020\/05\/LOGO-ME-NGJYRA-01-copy.png","contentUrl":"https:\/\/albgroup.al\/wp-content\/uploads\/2020\/05\/LOGO-ME-NGJYRA-01-copy.png","width":761,"height":269,"caption":"AlbGroup"},"image":{"@id":"https:\/\/albgroup.al\/#\/schema\/logo\/image\/"},"sameAs":["https:\/\/www.facebook.com\/AlbGroup1","https:\/\/www.instagram.com\/albgroup_\/?hl=en","https:\/\/www.youtube.com\/channel\/UCv5mUVjCZqffaEfLHsrFTdQ"]}]}},"_links":{"self":[{"href":"https:\/\/albgroup.al\/en\/wp-json\/wp\/v2\/pages\/1933","targetHints":{"allow":["GET"]}}],"collection":[{"href":"https:\/\/albgroup.al\/en\/wp-json\/wp\/v2\/pages"}],"about":[{"href":"https:\/\/albgroup.al\/en\/wp-json\/wp\/v2\/types\/page"}],"author":[{"embeddable":true,"href":"https:\/\/albgroup.al\/en\/wp-json\/wp\/v2\/users\/1"}],"replies":[{"embeddable":true,"href":"https:\/\/albgroup.al\/en\/wp-json\/wp\/v2\/comments?post=1933"}],"version-history":[{"count":1,"href":"https:\/\/albgroup.al\/en\/wp-json\/wp\/v2\/pages\/1933\/revisions"}],"predecessor-version":[{"id":3573,"href":"https:\/\/albgroup.al\/en\/wp-json\/wp\/v2\/pages\/1933\/revisions\/3573"}],"wp:attachment":[{"href":"https:\/\/albgroup.al\/en\/wp-json\/wp\/v2\/media?parent=1933"}],"curies":[{"name":"wp","href":"https:\/\/api.w.org\/{rel}","templated":true}]}}